{"id":2401,"date":"2024-07-15T11:29:00","date_gmt":"2024-07-15T09:29:00","guid":{"rendered":"https:\/\/www.grandetortue.com\/confidentialite-et-donnees-personnelles\/"},"modified":"2025-02-24T09:48:08","modified_gmt":"2025-02-24T08:48:08","slug":"confidentialite-et-donnees-personnelles","status":"publish","type":"page","link":"https:\/\/www.grandetortue.com\/en\/confidentialite-et-donnees-personnelles\/","title":{"rendered":"Confidentiality and personal data"},"content":{"rendered":"<h1 style=\"text-align: center;\">Confidentialit\u00e9 et donn\u00e9es personnelles<\/h1>\n\n<div class=\"columns\"><div class=\"columns__item\"><p  class=\"h2\"   ><strong>Collecte de l\u2019information<\/strong><\/p><p    >Nous recueillons des informations lorsque vous naviguez sur le site, lorsque vous passez une commande et lorsque vous remplissez l\u2019un des formulaires.<\/p><p    >En outre, nous recevons et enregistrons automatiquement des informations \u00e0 partir de votre ordinateur et navigateur, comme :<\/p><ul><li>votre adresse IP\n<\/li><li>le type de mat\u00e9riel et de navigateur utilis\u00e9s\n<\/li><li>la\/les page(s) que vous consultez\n<\/li><\/ul><p  class=\"h2\"   ><strong><strong><strong>Utilisation des informations<\/strong><\/strong><\/strong><\/p><p    >Toute les informations que nous recueillons aupr\u00e8s de vous peuvent \u00eatre utilis\u00e9es pour :<\/p><ul><li>Personnaliser votre exp\u00e9rience et r\u00e9pondre \u00e0 vos besoins individuels\n<\/li><li>Fournir un contenu publicitaire personnalis\u00e9\n<\/li><li>Am\u00e9liorer notre site Web\n<\/li><li>Am\u00e9liorer le service client et vos besoins de prise en charge\n<\/li><li>Vous contacter par email\n<\/li><li>Administrer un concours, une promotion, ou une enqu\u00eate\n<\/li><\/ul><p  class=\"h2\"   ><strong><strong><strong>Divulgation \u00e0 des tiers<\/strong><\/strong><\/strong><\/p><p    >Nous ne vendons, n\u2019\u00e9changeons et ne transf\u00e9rons pas vos informations personnelles identifiables \u00e0 des tiers. Cela ne comprend pas les tierces parties de confiance qui nous aident \u00e0 exploiter notre site Web, tant que ces parties conviennent de garder ces informations confidentielles.<\/p><p    >Les informations non-priv\u00e9es, cependant, peuvent \u00eatre fournies \u00e0 d\u2019autres parties pour le marketing, la publicit\u00e9, ou d\u2019autres utilisations.<\/p><p  class=\"h2\"   ><strong><strong><strong><strong>Informations relatives aux cookies sur notre site<\/strong><\/strong><\/strong><\/strong><\/p><p   id=\"63\" >L\u2019informations d\u00e9taill\u00e9e des cookies et leurs gestions sur le site sont disponibles ici&nbsp;:&nbsp;<a href=\"https:\/\/www.grandetortue.com\/en\/politique-de-cookies-eu\/\" data-type=\"page\" data-id=\"63\">Politique de cookies (EU)<\/a><\/p><\/div><div class=\"columns__item\"><p  class=\"h2\"   ><strong><strong><strong>Protection des informations<\/strong><\/strong><\/strong> <strong>et donn\u00e9es personnelles<\/strong><\/p><p    >L\u2019internaute peut \u00eatre amen\u00e9 \u00e0 d\u00e9poser certaines donn\u00e9es personnelles en r\u00e9pondant aux formulaires qui lui sont propos\u00e9s. La saisie de ces donn\u00e9es est n\u00e9cessaire au traitement de la demande de l\u2019internaute.<\/p><p    ><strong><strong><span itemprop=\"name\">Camping la Grande Tortue<\/span><\/strong><\/strong> s\u2019engage \u00e0 respecter les dispositions de la loi n\u00b078-17 du 6 janvier 1978 relative \u00e0 l\u2019informatique, aux fichiers et aux libert\u00e9s modifi\u00e9e et prendre toute pr\u00e9caution n\u00e9cessaire pour pr\u00e9server la s\u00e9curit\u00e9 des informations nominatives confi\u00e9es. Aucune information \u00e0 caract\u00e8re personnel ne sera communiqu\u00e9e \u00e0 des soci\u00e9t\u00e9s tierces sans l\u2019accord pr\u00e9alable et \u00e9clair\u00e9 de l\u2019internaute.<\/p><p    ><strong>Francecom<\/strong> met en \u0153uvre une vari\u00e9t\u00e9 de mesures de s\u00e9curit\u00e9 pour pr\u00e9server la s\u00e9curit\u00e9 de vos informations personnelles :<\/p><ul><li>Protocole SSL\n<\/li><li>Gestion des acc\u00e8s par login\/mot de passe\n<\/li><li>Logiciels de surveillance r\u00e9seau\n<\/li><li>Sauvegardes informatiques multiples\n<\/li><li>Pare-feu\n<\/li><\/ul><p    >Nous prot\u00e9geons \u00e9galement vos informations hors ligne. Seuls les employ\u00e9s qui ont besoin d\u2019effectuer un travail sp\u00e9cifique (par exemple, la facturation ou le service \u00e0 la client\u00e8le) ont acc\u00e8s aux informations personnelles identifiables. Les ordinateurs et serveurs utilis\u00e9s pour stocker des informations personnelles identifiables sont conserv\u00e9s dans un environnement s\u00e9curis\u00e9.<\/p><p  class=\"h2\"   ><strong><strong>Droit d\u2019acc\u00e8s, de modification et de suppression de vos donn\u00e9es<\/strong><\/strong><\/p><p    >Nous nous engageons \u00e0 vous offrir un droit d\u2019opposition et de retrait quant \u00e0 vos renseignements personnels. Le droit d\u2019opposition s\u2019entend comme \u00e9tant la possibilit\u00e9 offerte aux internautes de refuser que leurs renseignements personnels soient utilis\u00e9s \u00e0 certaines fins mentionn\u00e9es lors de la collecte.<\/p><p  class=\"h2\"   ><strong>Acc\u00e8s aux informations personnelles<\/strong><\/p><p    >Pour acc\u00e8der \u00e0 vos aux informations personnelles, les modifier, les supprimer et exercer vos droits, vous pouvez nous contacter :<\/p><ul class=\"fc-liens\"><li class=\"h6\"><span itemprop=\"name\">Camping la Grande Tortue<\/span>\n<\/li><li class=\"fc-copy\"><span class=\"fc-icon\"><svg xmlns=\"http:\/\/www.w3.org\/2000\/svg\"  viewBox=\"0 0 512 512\" width=\"16px\" height=\"16px\"><!--! Font Awesome Pro 6.4.2 by @fontawesome - https:\/\/fontawesome.com License - https:\/\/fontawesome.com\/license (Commercial License) Copyright 2023 Fonticons, Inc.--><path d=\"M48 64C21.5 64 0 85.5 0 112c0 15.1 7.1 29.3 19.2 38.4L236.8 313.6c11.4 8.5 27 8.5 38.4 0L492.8 150.4c12.1-9.1 19.2-23.3 19.2-38.4c0-26.5-21.5-48-48-48H48zM0 176V384c0 35.3 28.7 64 64 64H448c35.3 0 64-28.7 64-64V176L294.4 339.2c-22.8 17.1-54 17.1-76.8 0L0 176z\"\/><\/svg><\/span><span itemprop=\"email\">camping@grandetortue.com<\/span><span class=\"copier__texte\">Copy!<\/span>\n<\/li><li><a itemprop=\"telephone\" href=\"tel:+33254441520\"><span class=\"fc-icon\"><svg xmlns=\"http:\/\/www.w3.org\/2000\/svg\"  viewBox=\"0 0 512 512\" width=\"16px\" height=\"16px\"><!--! Font Awesome Pro 6.4.2 by @fontawesome - https:\/\/fontawesome.com License - https:\/\/fontawesome.com\/license (Commercial License) Copyright 2023 Fonticons, Inc.--><path d=\"M164.9 24.6c-7.7-18.6-28-28.5-47.4-23.2l-88 24C12.1 30.2 0 46 0 64C0 311.4 200.6 512 448 512c18 0 33.8-12.1 38.6-29.5l24-88c5.3-19.4-4.6-39.7-23.2-47.4l-96-40c-16.3-6.8-35.2-2.1-46.3 11.6L304.7 368C234.3 334.7 177.3 277.7 144 207.3L193.3 167c13.7-11.2 18.4-30 11.6-46.3l-40-96z\"\/><\/svg><\/span><span>02 54 44 15 20<\/span><\/a>\n<\/li><li><a href=\"https:\/\/www.google.fr\/maps\/search\/47.490111,+1.258585?coh=219680&amp;utm_campaign=tt-rcs&amp;entry=tts&amp;g_ep=EgoyMDI1MDIxOS4xIPu8ASoASAFQAw%3D%3D\" target=\"_blank\" data-type=\"link\" data-id=\"https:\/\/www.google.fr\/maps\/search\/47.490111,+1.258585?coh=219680&amp;utm_campaign=tt-rcs&amp;entry=tts&amp;g_ep=EgoyMDI1MDIxOS4xIPu8ASoASAFQAw%3D%3D\" rel=\"noreferrer noopener\"><span class=\"fc-icon\"><svg xmlns=\"http:\/\/www.w3.org\/2000\/svg\"  viewBox=\"0 0 512 512\" width=\"16px\" height=\"16px\"><!--! Font Awesome Pro 6.4.2 by @fontawesome - https:\/\/fontawesome.com License - https:\/\/fontawesome.com\/license (Commercial License) Copyright 2023 Fonticons, Inc.--><path d=\"M256 0c17.7 0 32 14.3 32 32V66.7C368.4 80.1 431.9 143.6 445.3 224H480c17.7 0 32 14.3 32 32s-14.3 32-32 32H445.3C431.9 368.4 368.4 431.9 288 445.3V480c0 17.7-14.3 32-32 32s-32-14.3-32-32V445.3C143.6 431.9 80.1 368.4 66.7 288H32c-17.7 0-32-14.3-32-32s14.3-32 32-32H66.7C80.1 143.6 143.6 80.1 224 66.7V32c0-17.7 14.3-32 32-32zM128 256a128 128 0 1 0 256 0 128 128 0 1 0 -256 0zm128-80a80 80 0 1 1 0 160 80 80 0 1 1 0-160z\"\/><\/svg><\/span><span itemprop=\"address\">3 route de Pontlevoy,<br>41120 Cand\u00e9-Sur-Beuvron<\/span><\/a>\n<\/li><\/ul><\/div><\/div>","protected":false},"excerpt":{"rendered":"<p>Confidentialit\u00e9 et donn\u00e9es personnelles Collecte de l\u2019information Nous recueillons des informations lorsque vous naviguez sur le site, lorsque vous passez une commande et lorsque vous remplissez l\u2019un des formulaires. En outre, nous recevons et enregistrons automatiquement des informations \u00e0 partir de votre ordinateur et navigateur, comme : Utilisation des informations Toute les informations que nous [&hellip;]<\/p>\n","protected":false},"author":1,"featured_media":0,"parent":0,"menu_order":0,"comment_status":"closed","ping_status":"closed","template":"","meta":{"_acf_changed":false,"footnotes":""},"acf":[],"_links":{"self":[{"href":"https:\/\/www.grandetortue.com\/en\/wp-json\/wp\/v2\/pages\/2401"}],"collection":[{"href":"https:\/\/www.grandetortue.com\/en\/wp-json\/wp\/v2\/pages"}],"about":[{"href":"https:\/\/www.grandetortue.com\/en\/wp-json\/wp\/v2\/types\/page"}],"author":[{"embeddable":true,"href":"https:\/\/www.grandetortue.com\/en\/wp-json\/wp\/v2\/users\/1"}],"replies":[{"embeddable":true,"href":"https:\/\/www.grandetortue.com\/en\/wp-json\/wp\/v2\/comments?post=2401"}],"version-history":[{"count":5,"href":"https:\/\/www.grandetortue.com\/en\/wp-json\/wp\/v2\/pages\/2401\/revisions"}],"predecessor-version":[{"id":2898,"href":"https:\/\/www.grandetortue.com\/en\/wp-json\/wp\/v2\/pages\/2401\/revisions\/2898"}],"wp:attachment":[{"href":"https:\/\/www.grandetortue.com\/en\/wp-json\/wp\/v2\/media?parent=2401"}],"curies":[{"name":"wp","href":"https:\/\/api.w.org\/{rel}","templated":true}]}}