{"id":2355,"date":"2024-07-15T12:36:18","date_gmt":"2024-07-15T10:36:18","guid":{"rendered":"https:\/\/www.grandetortue.com\/startseite\/"},"modified":"2025-02-21T11:33:31","modified_gmt":"2025-02-21T10:33:31","slug":"startseite","status":"publish","type":"page","link":"https:\/\/www.grandetortue.com\/de\/","title":{"rendered":"Startseite"},"content":{"rendered":"<div class=\"diaporama-header align-full\">\n<figure class=\"wp-block-video\"><video autoplay loop muted src=\"https:\/\/www.grandetortue.com\/wp-content\/uploads\/video\/chambord.mp4\" playsinline><\/video><\/figure>\n<div class=\"diaporama-header__inner\"><div class=\"columns\"><div class=\"columns__item\"><p  class=\"h1\"   >Willkommen auf dem Campingplatz La Grande Tortue, <span class=\"fc-span\">dem idealen Ort f\u00fcr Ihren Familienurlaub!<\/span><\/p><\/div><div class=\"columns__item has-flex-basis\" style=\"align-self:flex-end;flex-basis:19%;\"><div class=\"buttons display-flex \" style=\"justify-content:right;\"><span class=\"buttons__btn btn-resa is-style-resa\">Buchen Sie Ihren Aufenthalt<\/span><\/div><\/div><\/div><\/div><\/div>\n\n<div class=\"columns reverse-mob\"><div class=\"columns__item has-flex-basis\" style=\"flex-basis:35%;\"><p  class=\"h5 hide-mob has-text-align-right\" style=\"text-align: right;color: var(--magenta);\"  ><span class=\"fc-span\">Genie\u00dfen Sie unseren 5-Sterne-Campingplatz im Loir-Et-Cher im Herzen des Loiretals.<\/span> <\/p><div class=\"buttons hide-mob  display-flex \" style=\"justify-content:center;\"><span class=\"buttons__btn btn-resa\">Buchen Sie<\/span><\/div><\/div><div class=\"columns__item\" style=\"align-self:center;\"><h1 id=\"h2\" style=\"color: var(--fuchsia);\">Entdecken Sie unseren Campingplatz in <span class=\"fc-span\">Blois am Ufer der Loire<\/span><\/h1><p    >Wir freuen uns, Sie auf unserem <strong>5-Sterne-Campingplatz in der N\u00e4he von Blois<\/strong> begr\u00fc\u00dfen zu d\u00fcrfen. La Grande Tortue ist ein <strong>5-Sterne-Hotel am Ufer der Loire<\/strong>. <strong> <\/strong>Es ist ein <strong>familienfreundlicher<\/strong> Ort, ideal zum Entspannen und Entdecken.<\/p><div class=\"lireplus fc-mob\"><p    >Lesen Sie<\/p><div class=\"group\"><p   id=\"443\" >Der Campingplatz verf\u00fcgt unter anderem \u00fcber verschiedene Mietunterk\u00fcnfte und ein <a href=\"https:\/\/www.grandetortue.com\/de\/la-piscine\/\" data-type=\"page\" data-id=\"443\">beheiztes Hallenbad<\/a>, wo Kinder und Erwachsene Spa\u00df haben k\u00f6nnen.<\/p><div class=\"lireplus fc-desk\"><p    >Lesen Sie<\/p><div class=\"group\"><h2 class=\"p\">Campingplatz in der N\u00e4he von Blois im Loir-et-Cher<\/h2><p   id=\"413\" >Im Herzen des <strong>Loiretals<\/strong>, ideal gelegen, um die sch\u00f6nsten K\u00f6nigsschl\u00f6sser zu entdecken, empf\u00e4ngt Sie der <strong>Campingplatz<\/strong> La Grande Tortue im Departement <strong>Loir-et-Cher<\/strong> von Anfang April bis Mitte September. Genie\u00dfen Sie einen erholsamen Aufenthalt in seinem fast 6 Hektar gro\u00dfen Waldpark. Besuchen Sie das Departement <strong>Loir-et-Cher (41)<\/strong> und \u00fcbernachten Sie auf dem <strong>Campingplatz Blois<\/strong> La Grande Tortue. Genie\u00dfen Sie einen erholsamen und erlebnisreichen Urlaub auf diesem <a href=\"https:\/\/www.grandetortue.com\/de\/alentours\/campingplatz-bord-de-loire\/\" data-type=\"alentours\" data-id=\"413\">Campingplatz am Ufer der Loire<\/a>.   <\/p><p   id=\"414\" >Au\u00dfergew\u00f6hnlich gelegen im Herzen des Tals der K\u00f6nige, bietet Ihnen La Grande Tortue einen erholsamen Aufenthalt auf dem <a href=\"https:\/\/www.grandetortue.com\/de\/alentours\/camping-chateaux-de-la-loire\/\" data-type=\"alentours\" data-id=\"414\">Campingplatz zwischen den ber\u00fchmten Loire-Schl\u00f6ssern<\/a>. Von <strong>Cand\u00e9-sur-Beuvron im Loir-et-Cher<\/strong> aus sind die weltber\u00fchmten Sehensw\u00fcrdigkeiten des <strong>Loiretals im Departement (41) in<\/strong> Reichweite. Die unumg\u00e4nglichen K\u00f6nigsschl\u00f6sser <a href=\"https:\/\/www.grandetortue.com\/de\/alentours\/campingplatz-chenonceau\/\" data-type=\"alentours\" data-id=\"398\">Chenonceau<\/a>, <a href=\"https:\/\/www.grandetortue.com\/de\/alentours\/domaine-national-de-chambord\/\" data-type=\"alentours\" data-id=\"409\">Chambord<\/a>, <a href=\"https:\/\/www.grandetortue.com\/de\/alentours\/chateau-royal-damboise\/\" data-type=\"alentours\" data-id=\"405\">Amboise<\/a> oder Blois befinden sich in einem Umkreis von 15 bis 30 km. Viele andere Sehensw\u00fcrdigkeiten k\u00f6nnen Sie w\u00e4hrend Ihres Urlaubs besuchen. Vom Haus von Leonardo da Vinci \u00fcber die Pandas im <a href=\"https:\/\/www.grandetortue.com\/de\/alentours\/zooparc-beauval\/\" data-type=\"alentours\" data-id=\"412\">Zoo von Beauval<\/a> bis hin zum au\u00dfergew\u00f6hnlichen Schlosspark von <a href=\"https:\/\/www.grandetortue.com\/de\/alentours\/domaine-national-de-chaumont-sur-loire\/\" data-type=\"alentours\" data-id=\"410\">Chaumont-sur-Loire<\/a>.    <\/p><\/div><\/div><\/div><\/div><\/div><\/div>\n\n<div class=\"group sec-05 align-full has-background\" style=\"background-color:var(--fond);\"><div class=\"group texte mini\"><h2 class=\"inline\" style=\"color: var(--fuchsia);\">Der Komfort eines Campingplatzes <span class=\"fc-span\">am Ufer der Loire in Blois<\/span><\/h2><h3 class=\"p\">Vermietung von Mobilheimen und Stellpl\u00e4tzen auf dem Campingplatz Blois<\/h3><p    >Ob Sie nun ein Liebhaber von <strong>Mobilheimen<\/strong>, <strong>Chalets<\/strong> oder <strong>ungew\u00f6hnlichen Unterk\u00fcnften<\/strong>sind, Sie haben die Qual der Wahl, wenn Sie auf unserem <strong>Campingplatz in der N\u00e4he von Blois<\/strong> \u00fcbernachten.<\/p><div class=\"lireplus fc-desk\"><p    >Lesen Sie<\/p><div class=\"group\"><p   id=\"444\" >Was auch immer Sie w\u00e4hlen, unsere Unterk\u00fcnfte sind gut ausgestattet und verf\u00fcgen \u00fcber eine eigene Terrasse, um Ihnen den Komfort eines <strong>Campingplatzes in Blois<\/strong> zu bieten. Entscheiden Sie selbst, ob Sie lieber eine <a href=\"https:\/\/www.grandetortue.com\/de\/ungewoehnliche-unterkuenfte\/\" data-type=\"page\" data-id=\"444\">ungew\u00f6hnliche Unterkunft in den Schl\u00f6ssern der Loire<\/a> oder <a href=\"https:\/\/www.grandetortue.com\/de\/locations\/\" data-type=\"page\" data-id=\"445\">ein Mobilheim im Departement Loir-et-Cher mieten<\/a> m\u00f6chten. Au\u00dferdem gibt es zahlreiche Stellpl\u00e4tze am <strong>Ufer der Loire<\/strong> inmitten eines wundersch\u00f6nen <strong>, hundertj\u00e4hrigen Waldes<\/strong>, so dass Sie Ihren Urlaub ganz nah an der Natur verbringen k\u00f6nnen. <\/p><\/div><\/div><\/div><div class=\"gallery f-carousel fc-diapo-mob\" data-fancybox=\"gallery-mob\"><figure class=\"gallery__item\"><a href=\"https:\/\/www.grandetortue.com\/de\/locations\/\"><picture><source srcset=\"https:\/\/www.grandetortue.com\/wp-content\/uploads\/2025\/01\/webpmobil-home-pmr-420x420.jpg.webp\" media=\"(max-width: 210px)\"><source srcset=\"https:\/\/www.grandetortue.com\/wp-content\/uploads\/2025\/01\/webpmobil-home-pmr-850x638.jpg.webp\" media=\"(max-width: 420px)\"><source srcset=\"https:\/\/www.grandetortue.com\/wp-content\/uploads\/2025\/01\/webpmobil-home-pmr-768x576.jpg.webp\" media=\"(max-width: 850px)\"><source srcset=\"https:\/\/www.grandetortue.com\/wp-content\/uploads\/2025\/01\/webpmobil-home-pmr-1024x768.jpg.webp\" media=\"(max-width: 1024px)\"><source srcset=\"https:\/\/www.grandetortue.com\/wp-content\/uploads\/2025\/01\/webpmobil-home-pmr.jpg.webp\" media=\"(min-width: 1025px)\"><img decoding=\"async\" src=\"https:\/\/www.grandetortue.com\/wp-content\/uploads\/2025\/01\/webpmobil-home-pmr-420x420.jpg.webp\" width=\"420\" height=\"210\" loading=\"lazy\" alt=\"\" title=\"\"><\/picture><figcaption>Vermietung von Mobilheimen<\/figcaption><\/a><\/figure><figure class=\"gallery__item\"><a href=\"https:\/\/www.grandetortue.com\/de\/emplacements\/\"><picture><source srcset=\"https:\/\/www.grandetortue.com\/wp-content\/uploads\/2025\/01\/webpemplacement-camping-blois-420x420.jpg.webp\" media=\"(max-width: 210px)\"><source srcset=\"https:\/\/www.grandetortue.com\/wp-content\/uploads\/2025\/01\/webpemplacement-camping-blois-850x620.jpg.webp\" media=\"(max-width: 420px)\"><source srcset=\"https:\/\/www.grandetortue.com\/wp-content\/uploads\/2025\/01\/webpemplacement-camping-blois-768x560.jpg.webp\" media=\"(max-width: 850px)\"><source srcset=\"https:\/\/www.grandetortue.com\/wp-content\/uploads\/2025\/01\/webpemplacement-camping-blois-1024x747.jpg.webp\" media=\"(max-width: 1024px)\"><source srcset=\"https:\/\/www.grandetortue.com\/wp-content\/uploads\/2025\/01\/webpemplacement-camping-blois.jpg.webp\" media=\"(min-width: 1025px)\"><img decoding=\"async\" src=\"https:\/\/www.grandetortue.com\/wp-content\/uploads\/2025\/01\/webpemplacement-camping-blois-420x420.jpg.webp\" width=\"420\" height=\"210\" loading=\"lazy\" alt=\"\" title=\"\"><\/picture><figcaption>Pl\u00e4tze<\/figcaption><\/a><\/figure><figure class=\"gallery__item\"><a href=\"https:\/\/www.grandetortue.com\/de\/ungewoehnliche-unterkuenfte\/\"><picture><source srcset=\"https:\/\/www.grandetortue.com\/wp-content\/uploads\/2025\/01\/webplocation-insolite-roulotte-blois-420x420.jpg.webp\" media=\"(max-width: 210px)\"><source srcset=\"https:\/\/www.grandetortue.com\/wp-content\/uploads\/2025\/01\/webplocation-insolite-roulotte-blois-850x479.jpg.webp\" media=\"(max-width: 420px)\"><source srcset=\"https:\/\/www.grandetortue.com\/wp-content\/uploads\/2025\/01\/webplocation-insolite-roulotte-blois-768x433.jpg.webp\" media=\"(max-width: 850px)\"><source srcset=\"https:\/\/www.grandetortue.com\/wp-content\/uploads\/2025\/01\/webplocation-insolite-roulotte-blois-1024x577.jpg.webp\" media=\"(max-width: 1024px)\"><source srcset=\"https:\/\/www.grandetortue.com\/wp-content\/uploads\/2025\/01\/webplocation-insolite-roulotte-blois.jpg.webp\" media=\"(min-width: 1025px)\"><img decoding=\"async\" src=\"https:\/\/www.grandetortue.com\/wp-content\/uploads\/2025\/01\/webplocation-insolite-roulotte-blois-420x420.jpg.webp\" width=\"420\" height=\"210\" loading=\"lazy\" alt=\"\" title=\"\"><\/picture><figcaption>Ungew\u00f6hnliche Unterk\u00fcnfte<\/figcaption><\/a><\/figure><\/div><\/div>\n\n<div class=\"columns sec-10 reverse-mob\"><div class=\"columns__item fade-left\"><div class=\"gallery f-carousel fc-diapo-mob\" data-fancybox=\"gallery-mob\"><figure class=\"gallery__item\"><picture><source srcset=\"https:\/\/www.grandetortue.com\/wp-content\/uploads\/2025\/01\/webpespace-aquatique-420x420.jpg.webp\" media=\"(max-width: 210px)\"><source srcset=\"https:\/\/www.grandetortue.com\/wp-content\/uploads\/2025\/01\/webpespace-aquatique-850x365.jpg.webp\" media=\"(max-width: 420px)\"><source srcset=\"https:\/\/www.grandetortue.com\/wp-content\/uploads\/2025\/01\/webpespace-aquatique-768x330.jpg.webp\" media=\"(max-width: 850px)\"><source srcset=\"https:\/\/www.grandetortue.com\/wp-content\/uploads\/2025\/01\/webpespace-aquatique-1024x440.jpg.webp\" media=\"(max-width: 1024px)\"><source srcset=\"https:\/\/www.grandetortue.com\/wp-content\/uploads\/2025\/01\/webpespace-aquatique.jpg.webp\" media=\"(min-width: 1025px)\"><img decoding=\"async\" src=\"https:\/\/www.grandetortue.com\/wp-content\/uploads\/2025\/01\/webpespace-aquatique-420x420.jpg.webp\" width=\"420\" height=\"210\" loading=\"lazy\" alt=\"\" title=\"\"><\/picture><\/figure><figure class=\"gallery__item\"><picture><source srcset=\"https:\/\/www.grandetortue.com\/wp-content\/uploads\/2025\/01\/webppataugeoire-piscine-968x1024-1-420x420.jpg.webp\" media=\"(max-width: 210px)\"><source srcset=\"https:\/\/www.grandetortue.com\/wp-content\/uploads\/2025\/01\/webppataugeoire-piscine-968x1024-1-804x850.jpg.webp\" media=\"(max-width: 420px)\"><source srcset=\"https:\/\/www.grandetortue.com\/wp-content\/uploads\/2025\/01\/webppataugeoire-piscine-968x1024-1-768x812.jpg.webp\" media=\"(max-width: 850px)\"><source srcset=\"https:\/\/www.grandetortue.com\/wp-content\/uploads\/2025\/01\/webppataugeoire-piscine-968x1024-1-968x1024.jpg.webp\" media=\"(max-width: 1024px)\"><source srcset=\"https:\/\/www.grandetortue.com\/wp-content\/uploads\/2025\/01\/webppataugeoire-piscine-968x1024-1.jpg.webp\" media=\"(min-width: 1025px)\"><img decoding=\"async\" src=\"https:\/\/www.grandetortue.com\/wp-content\/uploads\/2025\/01\/webppataugeoire-piscine-968x1024-1-420x420.jpg.webp\" width=\"420\" height=\"210\" loading=\"lazy\" alt=\"\" title=\"\"><\/picture><\/figure><\/div><\/div><div class=\"columns__item texte\" style=\"align-self:center;\"><h3 class=\"h2\" style=\"color: var(--fuchsia);\">Das Schwimmbad auf dem <span class=\"fc-span\">Campingplatz Blois im Loir-et-Cher<\/span><\/h3><p    >Unser <strong>Campingplatz am Ufer der Loire<\/strong> bietet Ihnen einen <strong>gro\u00dfen Wasserbereich<\/strong>, der sowohl f\u00fcr Kinder als auch f\u00fcr Erwachsene geeignet ist.  <\/p><p  class=\"citation\" style=\"color: var(--magenta);\"  >Unser Pool verf\u00fcgt \u00fcber ein Kinderbecken, Rutschen und eine sch\u00f6ne Sonnenterrasse.<\/p><div class=\"buttons display-flex \" style=\"justify-content:center;\"><a href=\"https:\/\/www.grandetortue.com\/de\/la-piscine\/\" rel=\"noreferrer noopener\" rel=\"noreferrer noopener\" class=\"buttons__btn\">Entdecken Sie den Pool<\/a><\/div><\/div><\/div>\n\n<div class=\"columns sec-15 fond fade-up\"><div class=\"columns__item texte\" style=\"align-self:center;\"><h2 style=\"color: var(--fuchsia);\">Aktivit\u00e4ten f\u00fcr die ganze Familie <span class=\"fc-span\">auf einem 5* Campingplatz an der Loire<\/span><\/h2><p    >Genie\u00dfen Sie die au\u00dfergew\u00f6hnliche Umgebung eines <strong>Campingplatzes am Ufer der Loire<\/strong> (800 Meter vom Campingplatz entfernt) f\u00fcr Ihren n\u00e4chsten Urlaub!<\/p><p    >Unser <strong>5-Sterne-Haus in der N\u00e4he von Blois<\/strong> verf\u00fcgt \u00fcber eine gro\u00dfe Auswahl an<strong>Freizeit- und Sporteinrichtungen<\/strong>, die f\u00fcr alle Altersgruppen geeignet sind.<\/p><div class=\"buttons display-flex \" style=\"justify-content:right;\"><a href=\"https:\/\/www.grandetortue.com\/de\/animation\/\" rel=\"noreferrer noopener\" rel=\"noreferrer noopener\" class=\"buttons__btn\">Entdecken Sie die Aktivit\u00e4ten<\/a><\/div><\/div><div class=\"columns__item hide-mob\"><figure style=\"position:relative;\"><picture><source srcset=\"https:\/\/www.grandetortue.com\/wp-content\/uploads\/2025\/01\/webpaire-jeux-camping-420x420.jpg.webp\" media=\"(max-width: 210px)\"><source srcset=\"https:\/\/www.grandetortue.com\/wp-content\/uploads\/2025\/01\/webpaire-jeux-camping-850x612.jpg.webp\" media=\"(max-width: 420px)\"><source srcset=\"https:\/\/www.grandetortue.com\/wp-content\/uploads\/2025\/01\/webpaire-jeux-camping-768x553.jpg.webp\" media=\"(max-width: 850px)\"><source srcset=\"https:\/\/www.grandetortue.com\/wp-content\/uploads\/2025\/01\/webpaire-jeux-camping-1024x737.jpg.webp\" media=\"(max-width: 1024px)\"><source srcset=\"https:\/\/www.grandetortue.com\/wp-content\/uploads\/2025\/01\/webpaire-jeux-camping.jpg.webp\" media=\"(min-width: 1025px)\"><img decoding=\"async\" src=\"https:\/\/www.grandetortue.com\/wp-content\/uploads\/2025\/01\/webpaire-jeux-camping-420x420.jpg.webp\" width=\"420\" height=\"210\" loading=\"lazy\" alt=\"\" title=\"\"><\/picture><figcaption>Spielplatz<\/figcaption><\/figure><\/div><\/div>\n\n<div class=\"gallery fade-up f-carousel fc-diapo-mob\" data-fancybox=\"gallery-mob\"><figure class=\"gallery__item show-mob\"><picture><source srcset=\"https:\/\/www.grandetortue.com\/wp-content\/uploads\/2025\/01\/webpaire-jeux-camping-420x420.jpg.webp\" media=\"(max-width: 210px)\"><source srcset=\"https:\/\/www.grandetortue.com\/wp-content\/uploads\/2025\/01\/webpaire-jeux-camping-850x612.jpg.webp\" media=\"(max-width: 420px)\"><source srcset=\"https:\/\/www.grandetortue.com\/wp-content\/uploads\/2025\/01\/webpaire-jeux-camping-768x553.jpg.webp\" media=\"(max-width: 850px)\"><source srcset=\"https:\/\/www.grandetortue.com\/wp-content\/uploads\/2025\/01\/webpaire-jeux-camping-1024x737.jpg.webp\" media=\"(max-width: 1024px)\"><source srcset=\"https:\/\/www.grandetortue.com\/wp-content\/uploads\/2025\/01\/webpaire-jeux-camping.jpg.webp\" media=\"(min-width: 1025px)\"><img decoding=\"async\" src=\"https:\/\/www.grandetortue.com\/wp-content\/uploads\/2025\/01\/webpaire-jeux-camping-420x420.jpg.webp\" width=\"420\" height=\"210\" loading=\"lazy\" alt=\"\" title=\"\"><\/picture><figcaption>Spielplatz<\/figcaption><\/figure><figure class=\"gallery__item\"><picture><source srcset=\"https:\/\/www.grandetortue.com\/wp-content\/uploads\/2025\/01\/AdobeStock_211993191-1-420x420.jpeg.webp\" media=\"(max-width: 210px)\"><source srcset=\"https:\/\/www.grandetortue.com\/wp-content\/uploads\/2025\/01\/AdobeStock_211993191-1-850x566.jpeg.webp\" media=\"(max-width: 420px)\"><source srcset=\"https:\/\/www.grandetortue.com\/wp-content\/uploads\/2025\/01\/AdobeStock_211993191-1-768x512.jpeg.webp\" media=\"(max-width: 850px)\"><source srcset=\"https:\/\/www.grandetortue.com\/wp-content\/uploads\/2025\/01\/AdobeStock_211993191-1-1024x682.jpeg.webp\" media=\"(max-width: 1024px)\"><source srcset=\"https:\/\/www.grandetortue.com\/wp-content\/uploads\/2025\/01\/AdobeStock_211993191-1.jpeg.webp\" media=\"(min-width: 1025px)\"><img decoding=\"async\" src=\"https:\/\/www.grandetortue.com\/wp-content\/uploads\/2025\/01\/AdobeStock_211993191-1-420x420.jpeg.webp\" width=\"420\" height=\"210\" alt=\"Close up view of children playing hide-and-seek under the huge rainbow cover\" loading=\"lazy\" title=\"\"><\/picture><figcaption>Kinderclub<\/figcaption><\/figure><figure class=\"gallery__item\"><picture><source srcset=\"https:\/\/www.grandetortue.com\/wp-content\/uploads\/2025\/01\/webpterrain-multisport-420x420.jpg.webp\" media=\"(max-width: 210px)\"><source srcset=\"https:\/\/www.grandetortue.com\/wp-content\/uploads\/2025\/01\/webpterrain-multisport-850x554.jpg.webp\" media=\"(max-width: 420px)\"><source srcset=\"https:\/\/www.grandetortue.com\/wp-content\/uploads\/2025\/01\/webpterrain-multisport-768x501.jpg.webp\" media=\"(max-width: 850px)\"><source srcset=\"https:\/\/www.grandetortue.com\/wp-content\/uploads\/2025\/01\/webpterrain-multisport-1024x668.jpg.webp\" media=\"(max-width: 1024px)\"><source srcset=\"https:\/\/www.grandetortue.com\/wp-content\/uploads\/2025\/01\/webpterrain-multisport.jpg.webp\" media=\"(min-width: 1025px)\"><img decoding=\"async\" src=\"https:\/\/www.grandetortue.com\/wp-content\/uploads\/2025\/01\/webpterrain-multisport-420x420.jpg.webp\" width=\"420\" height=\"210\" loading=\"lazy\" alt=\"\" title=\"\"><\/picture><figcaption>Multisportpl\u00e4tze<\/figcaption><\/figure><\/div>\n\n<div class=\"group texte mini\"><p  class=\"texte\"   >Zu Ihrer Verf\u00fcgung stehen ein Wasserpark mit Rutschen, ein Hallenbad und ein Au\u00dfenbecken, Sportpl\u00e4tze, eine Boulebahn und Tischtennisplatten. Es gibt auch viele Spielm\u00f6glichkeiten f\u00fcr Kinder: eine Seilpyramide, eine Seilrutsche, ein Hochseilgarten und 3 Trampoline. Die J\u00fcngsten sind von unserer gro\u00dfen H\u00fcpfburg begeistert.  <\/p><div class=\"lireplus fc-mob\"><p    >Lesen Sie<\/p><div class=\"group\"><p    >Die Kleinsten k\u00f6nnen sich auf dem eingez\u00e4unten Spielplatz f\u00fcr Kinder unter 6 Jahren sicher vergn\u00fcgen.<\/p><p    >Unser 5-Sterne-Campingplatz in der N\u00e4he von Blois bietet Ihren Kindern in der Hochsaison ein unterhaltsames Unterhaltungsprogramm. Der Mini-Club &#8222;Lennyclub&#8220; ist jeden Tag au\u00dfer samstags ge\u00f6ffnet. Hier k\u00f6nnen Ihre Kinder Freundschaften schlie\u00dfen, neue Aktivit\u00e4ten entdecken und unvergessliche Erinnerungen an ihren Aufenthalt auf dem Campingplatz im Loir-et-Cher sammeln.  <\/p><\/div><\/div><\/div>\n\n<div class=\"columns sec-10\"><div class=\"columns__item texte\" style=\"align-self:center;\"><h3 class=\"h2\" style=\"color: var(--fuchsia);\">Dienstleistungen auf Ihrem <span class=\"fc-span\">Campingplatz an der Loire<\/span><\/h3><p    >Wenn Sie von Ihren Ausfl\u00fcgen zur\u00fcckkehren, k\u00f6nnen Sie den Komfort des 5-Sterne-Service unseres <strong>Campingplatzes im Loir-et-Cher<\/strong> genie\u00dfen.<\/p><p    >Eine <strong>W\u00e4scherei<\/strong>, ein <strong>Lebensmittelgesch\u00e4ft mit Brotverkauf<\/strong>, ein <strong>Restaurant mit Bar und Terrasse<\/strong> und <strong>eine Eisdiele<\/strong> sorgen f\u00fcr einen angenehmen Aufenthalt.<\/p><div class=\"lireplus fc-desk\"><p    >Lesen Sie<\/p><div class=\"group\"><p   id=\"443\" >Am Ende des Tages k\u00f6nnen Sie einen Sprung in den <a href=\"https:\/\/www.grandetortue.com\/de\/la-piscine\/\" data-type=\"page\" data-id=\"443\">Pool<\/a> machen, gefolgt von einem Aperitif auf der Terrasse oder einer leckeren Pizza. In der Hochsaison werden abends <strong>Shows<\/strong> und tags\u00fcber <strong>Entdeckungsausfl\u00fcge <\/strong>angeboten. <\/p><\/div><\/div><div class=\"buttons display-flex \" style=\"justify-content:right;\"><a href=\"https:\/\/www.grandetortue.com\/de\/services\/\" rel=\"noreferrer noopener\" rel=\"noreferrer noopener\" class=\"buttons__btn\">Entdecken Sie die Dienstleistungen<\/a><\/div><\/div><div class=\"columns__item fade-left\"><div class=\"gallery f-carousel fc-diapo-mob\" data-fancybox=\"gallery-mob\"><figure class=\"gallery__item\"><picture><source srcset=\"https:\/\/www.grandetortue.com\/wp-content\/uploads\/2025\/01\/AdobeStock_219096967-420x420.jpeg.webp\" media=\"(max-width: 210px)\"><source srcset=\"https:\/\/www.grandetortue.com\/wp-content\/uploads\/2025\/01\/AdobeStock_219096967-850x566.jpeg.webp\" media=\"(max-width: 420px)\"><source srcset=\"https:\/\/www.grandetortue.com\/wp-content\/uploads\/2025\/01\/AdobeStock_219096967-768x512.jpeg.webp\" media=\"(max-width: 850px)\"><source srcset=\"https:\/\/www.grandetortue.com\/wp-content\/uploads\/2025\/01\/AdobeStock_219096967-1024x682.jpeg.webp\" media=\"(max-width: 1024px)\"><source srcset=\"https:\/\/www.grandetortue.com\/wp-content\/uploads\/2025\/01\/AdobeStock_219096967.jpeg.webp\" media=\"(min-width: 1025px)\"><img decoding=\"async\" src=\"https:\/\/www.grandetortue.com\/wp-content\/uploads\/2025\/01\/AdobeStock_219096967-420x420.jpeg.webp\" width=\"420\" height=\"210\" alt=\"Happy children eating ice cream together outdoor. Photo of happy blond girls with two handsome boys sitting on the bench and smiling at camera.\" loading=\"lazy\" title=\"\"><\/picture><\/figure><figure class=\"gallery__item\"><picture><source srcset=\"https:\/\/www.grandetortue.com\/wp-content\/uploads\/2025\/01\/webpwebpimg_20230419_1742343-1024x768-1-420x420.jpg.webp\" media=\"(max-width: 210px)\"><source srcset=\"https:\/\/www.grandetortue.com\/wp-content\/uploads\/2025\/01\/webpwebpimg_20230419_1742343-1024x768-1-850x638.jpg.webp\" media=\"(max-width: 420px)\"><source srcset=\"https:\/\/www.grandetortue.com\/wp-content\/uploads\/2025\/01\/webpwebpimg_20230419_1742343-1024x768-1-768x576.jpg.webp\" media=\"(max-width: 850px)\"><source srcset=\"https:\/\/www.grandetortue.com\/wp-content\/uploads\/2025\/01\/webpwebpimg_20230419_1742343-1024x768-1-1024x768.jpg.webp\" media=\"(max-width: 1024px)\"><source srcset=\"https:\/\/www.grandetortue.com\/wp-content\/uploads\/2025\/01\/webpwebpimg_20230419_1742343-1024x768-1.jpg.webp\" media=\"(min-width: 1025px)\"><img decoding=\"async\" src=\"https:\/\/www.grandetortue.com\/wp-content\/uploads\/2025\/01\/webpwebpimg_20230419_1742343-1024x768-1-420x420.jpg.webp\" width=\"420\" height=\"210\" loading=\"lazy\" alt=\"\" title=\"\"><\/picture><\/figure><\/div><\/div><\/div>\n\n<div class=\"cover align-full\"><span><\/span><picture class=\"cover__img\"><source srcset=\"https:\/\/www.grandetortue.com\/wp-content\/uploads\/2025\/01\/AdobeStock_463486596-420x420.jpeg.webp\" media=\"(max-width: 210px)\"><source srcset=\"https:\/\/www.grandetortue.com\/wp-content\/uploads\/2025\/01\/AdobeStock_463486596-850x567.jpeg.webp\" media=\"(max-width: 420px)\"><source srcset=\"https:\/\/www.grandetortue.com\/wp-content\/uploads\/2025\/01\/AdobeStock_463486596-768x512.jpeg.webp\" media=\"(max-width: 850px)\"><source srcset=\"https:\/\/www.grandetortue.com\/wp-content\/uploads\/2025\/01\/AdobeStock_463486596-1024x683.jpeg.webp\" media=\"(max-width: 1024px)\"><source srcset=\"https:\/\/www.grandetortue.com\/wp-content\/uploads\/2025\/01\/AdobeStock_463486596.jpeg.webp\" media=\"(min-width: 1025px)\"><img decoding=\"async\" src=\"https:\/\/www.grandetortue.com\/wp-content\/uploads\/2025\/01\/AdobeStock_463486596-420x420.jpeg.webp\" width=\"420\" height=\"210\" loading=\"lazy\" alt=\"\" title=\"\"><\/picture><div class=\"cover__inner\"><h2>Was gibt es in der Umgebung des <span class=\"fc-span\">Campingplatzes Blois en Loir-et-Cher?<\/span><\/h2><p    >Nur wenige Meter vom Loire-Campingplatz La Grande Tortue entfernt, haben Sie Zugang zu den 300 km markierten Radwegen der Loire \u00e0 v\u00e9lo.<\/p><div class=\"lireplus fc-desk\"><p    >Lesen Sie<\/p><div class=\"group\"><p    >Alle wichtigen Sehensw\u00fcrdigkeiten in der Umgebung, einschlie\u00dflich der Loire-Schl\u00f6sser, k\u00f6nnen mit dem Zweirad erkundet werden.<\/p><p    >Ein <strong>Campingplatz in Blois<\/strong> \u00f6ffnet Ihnen die T\u00fcren zu zahlreichen Aktivit\u00e4ten, die das <strong>Loiretal<\/strong> mit seinen <strong>Loire-Schl\u00f6ssern<\/strong>, dem <strong>Beauval-Zoo<\/strong> und den <strong>Loire-Ufern<\/strong> in Szene setzen.  <\/p><p    >Hier, in der N\u00e4he von <strong>Chaumont-sur-Loire<\/strong>, liegt dieser <strong>Campingplatz Loir-et-Cher mit Schwimmbad<\/strong>.<\/p><\/div><\/div><div class=\"buttons\"><a href=\"https:\/\/www.grandetortue.com\/de\/alentours-de-blois\/\" rel=\"noreferrer noopener\" rel=\"noreferrer noopener\" class=\"buttons__btn\">Entdecken Sie die Umgebung<\/a><\/div><\/div><\/div>","protected":false},"excerpt":{"rendered":"<p>Willkommen auf dem Campingplatz La Grande Tortue, dem idealen Ort f\u00fcr Ihren Familienurlaub! Genie\u00dfen Sie unseren 5-Sterne-Campingplatz im Loir-Et-Cher im Herzen des Loiretals. Entdecken Sie unseren Campingplatz in Blois am Ufer der Loire Wir freuen uns, Sie auf unserem 5-Sterne-Campingplatz in der N\u00e4he von Blois begr\u00fc\u00dfen zu d\u00fcrfen. La Grande Tortue ist ein 5-Sterne-Hotel am [&hellip;]<\/p>\n","protected":false},"author":1,"featured_media":0,"parent":0,"menu_order":0,"comment_status":"closed","ping_status":"closed","template":"","meta":{"_acf_changed":false,"footnotes":""},"acf":[],"_links":{"self":[{"href":"https:\/\/www.grandetortue.com\/de\/wp-json\/wp\/v2\/pages\/2355"}],"collection":[{"href":"https:\/\/www.grandetortue.com\/de\/wp-json\/wp\/v2\/pages"}],"about":[{"href":"https:\/\/www.grandetortue.com\/de\/wp-json\/wp\/v2\/types\/page"}],"author":[{"embeddable":true,"href":"https:\/\/www.grandetortue.com\/de\/wp-json\/wp\/v2\/users\/1"}],"replies":[{"embeddable":true,"href":"https:\/\/www.grandetortue.com\/de\/wp-json\/wp\/v2\/comments?post=2355"}],"version-history":[{"count":9,"href":"https:\/\/www.grandetortue.com\/de\/wp-json\/wp\/v2\/pages\/2355\/revisions"}],"predecessor-version":[{"id":2863,"href":"https:\/\/www.grandetortue.com\/de\/wp-json\/wp\/v2\/pages\/2355\/revisions\/2863"}],"wp:attachment":[{"href":"https:\/\/www.grandetortue.com\/de\/wp-json\/wp\/v2\/media?parent=2355"}],"curies":[{"name":"wp","href":"https:\/\/api.w.org\/{rel}","templated":true}]}}