{"id":2181,"date":"2025-01-16T10:11:12","date_gmt":"2025-01-16T09:11:12","guid":{"rendered":"https:\/\/www.grandetortue.com\/services\/"},"modified":"2025-02-21T12:28:53","modified_gmt":"2025-02-21T11:28:53","slug":"services","status":"publish","type":"page","link":"https:\/\/www.grandetortue.com\/de\/services\/","title":{"rendered":"Dienste"},"content":{"rendered":"<div class=\"diaporama-header align-full\"><div class=\"gallery f-carousel fc-diapo\" data-fancybox=\"gallery\"><figure class=\"gallery__item\"><picture><source srcset=\"https:\/\/www.grandetortue.com\/wp-content\/uploads\/2025\/01\/AdobeStock_442578145-420x420.jpeg.webp\" media=\"(max-width: 210px)\"><source srcset=\"https:\/\/www.grandetortue.com\/wp-content\/uploads\/2025\/01\/AdobeStock_442578145-850x638.jpeg.webp\" media=\"(max-width: 420px)\"><source srcset=\"https:\/\/www.grandetortue.com\/wp-content\/uploads\/2025\/01\/AdobeStock_442578145-768x576.jpeg.webp\" media=\"(max-width: 850px)\"><source srcset=\"https:\/\/www.grandetortue.com\/wp-content\/uploads\/2025\/01\/AdobeStock_442578145-1024x768.jpeg.webp\" media=\"(max-width: 1024px)\"><source srcset=\"https:\/\/www.grandetortue.com\/wp-content\/uploads\/2025\/01\/AdobeStock_442578145.jpeg.webp\" media=\"(min-width: 1025px)\"><img loading=\"lazy\" decoding=\"async\" src=\"https:\/\/www.grandetortue.com\/wp-content\/uploads\/2025\/01\/AdobeStock_442578145-420x420.jpeg.webp\" width=\"420\" height=\"210\" alt=\"\" title=\"\"><\/picture><\/figure><\/div><div class=\"diaporama-header__inner\"><h1>Dienstleistungen des Campingplatzes Blois <span class=\"fc-span\">in der Region Loir-Et-Cher!<\/span><\/h1><\/div><\/div><div class=\"columns\"><div class=\"columns__item\"><figure class=\"height-adapt\"><picture><source srcset=\"https:\/\/www.grandetortue.com\/wp-content\/uploads\/2025\/01\/webpwebpgrande-tortue-2013-0100-1024x638-1-420x420.jpg.webp\" media=\"(max-width: 210px)\"><source srcset=\"https:\/\/www.grandetortue.com\/wp-content\/uploads\/2025\/01\/webpwebpgrande-tortue-2013-0100-1024x638-1-850x529.jpg.webp\" media=\"(max-width: 420px)\"><source srcset=\"https:\/\/www.grandetortue.com\/wp-content\/uploads\/2025\/01\/webpwebpgrande-tortue-2013-0100-1024x638-1-768x478.jpg.webp\" media=\"(max-width: 850px)\"><source srcset=\"https:\/\/www.grandetortue.com\/wp-content\/uploads\/2025\/01\/webpwebpgrande-tortue-2013-0100-1024x638-1-1024x638.jpg.webp\" media=\"(max-width: 1024px)\"><source srcset=\"https:\/\/www.grandetortue.com\/wp-content\/uploads\/2025\/01\/webpwebpgrande-tortue-2013-0100-1024x638-1.jpg.webp\" media=\"(min-width: 1025px)\"><img decoding=\"async\" src=\"https:\/\/www.grandetortue.com\/wp-content\/uploads\/2025\/01\/webpwebpgrande-tortue-2013-0100-1024x638-1-420x420.jpg.webp\" width=\"420\" height=\"210\" style=\"object-fit:cover;\" loading=\"lazy\" alt=\"\" title=\"\"><\/picture><\/figure><\/div><div class=\"columns__item\">\n<div style=\"height:3rem\" aria-hidden=\"true\" class=\"wp-block-spacer hide-mob\"><\/div>\n<h2 class=\"inline\" style=\"color: var(--fuchsia);\">5-Sterne-Service <span class=\"fc-span\">w\u00e4hrend des Aufenthalts<\/span><\/h2><p   id=\"73\" >Einer der Vorteile eines Aufenthalts auf dem <a href=\"https:\/\/www.grandetortue.com\/de\/\" data-type=\"page\" data-id=\"73\">Campingplatz La Grande Tortue<\/a> ist die Vielzahl an Dienstleistungen, die vor Ort angeboten werden. Die Rezeption ist in der Nebensaison von 09.00 bis 12.00 Uhr und von 14.30 bis 19.00 Uhr und in der Hauptsaison von 08.30 bis 20.00 Uhr ge\u00f6ffnet. Wir sind 7 Tage die Woche f\u00fcr Sie da, um Ihnen zuzuh\u00f6ren und Sie zu beraten.  <\/p><div class=\"lireplus fc-desk\"><p    >Lesen Sie mehr<\/p><div class=\"group\"><p   id=\"439\" >Unsere Teams werden Ihnen helfen, Ihre Bed\u00fcrfnisse zu erf\u00fcllen, damit Sie sich w\u00e4hrend Ihres Urlaubs wohlf\u00fchlen und in Ruhe gelassen werden. Sie k\u00f6nnen auch von der Infrastruktur und einer breiten Palette an Dienstleistungen profitieren, um Ihren Aufenthalt so angenehm wie m\u00f6glich zu gestalten. Und als ob das noch nicht genug w\u00e4re, finden auf dem Campingplatz <a href=\"https:\/\/www.grandetortue.com\/de\/animation\/\" data-type=\"page\" data-id=\"439\">zahlreiche Aktivit\u00e4ten<\/a> zu verschiedenen Tageszeiten und am Abend statt.  <\/p><\/div><\/div>\n<div style=\"height:3rem\" aria-hidden=\"true\" class=\"wp-block-spacer hide-mob\"><\/div>\n<\/div><\/div><div class=\"columns sec-15 fond fade-up\"><div class=\"columns__item texte\" style=\"align-self:center;\"><h2 style=\"color: var(--fuchsia);\">Restaurant <span class=\"fc-span\">und Lebensmittelgesch\u00e4ft<\/span><\/h2><p    >Sie k\u00f6nnen sich auf der Terrasse mit einem Cocktail oder einem Eis entspannen oder eines der Gerichte genie\u00dfen, die von unserem Koch mit Sorgfalt zubereitet werden. Das Restaurant bietet auch Fr\u00fchst\u00fcck und Gerichte zum Mitnehmen an. <\/p><div class=\"lireplus fc-mob\"><p    >Lesen Sie mehr<\/p><div class=\"group\"><p    >Der Lebensmittelladen ist die ganze Saison \u00fcber ab 7:30 Uhr morgens ge\u00f6ffnet. Hier finden Sie lokale Produkte, Geb\u00e4ck und t\u00e4glich frisches Brot. <\/p><\/div><\/div><\/div><div class=\"columns__item hide-mob\"><figure style=\"position:relative;\"><picture><source srcset=\"https:\/\/www.grandetortue.com\/wp-content\/uploads\/2025\/01\/webprestaurant-camping-420x420.jpg.webp\" media=\"(max-width: 210px)\"><source srcset=\"https:\/\/www.grandetortue.com\/wp-content\/uploads\/2025\/01\/webprestaurant-camping-567x850.jpg.webp\" media=\"(max-width: 420px)\"><source srcset=\"https:\/\/www.grandetortue.com\/wp-content\/uploads\/2025\/01\/webprestaurant-camping-768x1151.jpg.webp\" media=\"(max-width: 850px)\"><source srcset=\"https:\/\/www.grandetortue.com\/wp-content\/uploads\/2025\/01\/webprestaurant-camping-683x1024.jpg.webp\" media=\"(max-width: 1024px)\"><source srcset=\"https:\/\/www.grandetortue.com\/wp-content\/uploads\/2025\/01\/webprestaurant-camping.jpg.webp\" media=\"(min-width: 1025px)\"><img decoding=\"async\" src=\"https:\/\/www.grandetortue.com\/wp-content\/uploads\/2025\/01\/webprestaurant-camping-420x420.jpg.webp\" width=\"420\" height=\"210\" style=\"object-fit:cover;\" loading=\"lazy\" alt=\"\" title=\"\"><\/picture><figcaption>Restaurant<\/figcaption><\/figure><\/div><\/div><div class=\"gallery fade-up f-carousel fc-diapo-mob\" data-fancybox=\"gallery-mob\"><figure class=\"gallery__item show-mob\"><picture><source srcset=\"https:\/\/www.grandetortue.com\/wp-content\/uploads\/2025\/01\/webprestaurant-camping-420x420.jpg.webp\" media=\"(max-width: 210px)\"><source srcset=\"https:\/\/www.grandetortue.com\/wp-content\/uploads\/2025\/01\/webprestaurant-camping-567x850.jpg.webp\" media=\"(max-width: 420px)\"><source srcset=\"https:\/\/www.grandetortue.com\/wp-content\/uploads\/2025\/01\/webprestaurant-camping-768x1151.jpg.webp\" media=\"(max-width: 850px)\"><source srcset=\"https:\/\/www.grandetortue.com\/wp-content\/uploads\/2025\/01\/webprestaurant-camping-683x1024.jpg.webp\" media=\"(max-width: 1024px)\"><source srcset=\"https:\/\/www.grandetortue.com\/wp-content\/uploads\/2025\/01\/webprestaurant-camping.jpg.webp\" media=\"(min-width: 1025px)\"><img decoding=\"async\" src=\"https:\/\/www.grandetortue.com\/wp-content\/uploads\/2025\/01\/webprestaurant-camping-420x420.jpg.webp\" width=\"420\" height=\"210\" loading=\"lazy\" alt=\"\" title=\"\"><\/picture><figcaption>Restaurant<\/figcaption><\/figure><figure class=\"gallery__item\"><picture><source srcset=\"https:\/\/www.grandetortue.com\/wp-content\/uploads\/2025\/01\/webpwebppetit-dejeuner-camping-420x420.jpg.webp\" media=\"(max-width: 210px)\"><source srcset=\"https:\/\/www.grandetortue.com\/wp-content\/uploads\/2025\/01\/webpwebppetit-dejeuner-camping-850x566.jpg.webp\" media=\"(max-width: 420px)\"><source srcset=\"https:\/\/www.grandetortue.com\/wp-content\/uploads\/2025\/01\/webpwebppetit-dejeuner-camping-768x512.jpg.webp\" media=\"(max-width: 850px)\"><source srcset=\"https:\/\/www.grandetortue.com\/wp-content\/uploads\/2025\/01\/webpwebppetit-dejeuner-camping-1024x682.jpg.webp\" media=\"(max-width: 1024px)\"><source srcset=\"https:\/\/www.grandetortue.com\/wp-content\/uploads\/2025\/01\/webpwebppetit-dejeuner-camping.jpg.webp\" media=\"(min-width: 1025px)\"><img decoding=\"async\" src=\"https:\/\/www.grandetortue.com\/wp-content\/uploads\/2025\/01\/webpwebppetit-dejeuner-camping-420x420.jpg.webp\" width=\"420\" height=\"210\" loading=\"lazy\" alt=\"\" title=\"\"><\/picture><figcaption>Fr\u00fchst\u00fcck<\/figcaption><\/figure><figure class=\"gallery__item\"><picture><source srcset=\"https:\/\/www.grandetortue.com\/wp-content\/uploads\/2025\/01\/webpepicerie-camping-420x420.jpg.webp\" media=\"(max-width: 210px)\"><source srcset=\"https:\/\/www.grandetortue.com\/wp-content\/uploads\/2025\/01\/webpepicerie-camping-850x553.jpg.webp\" media=\"(max-width: 420px)\"><source srcset=\"https:\/\/www.grandetortue.com\/wp-content\/uploads\/2025\/01\/webpepicerie-camping-768x500.jpg.webp\" media=\"(max-width: 850px)\"><source srcset=\"https:\/\/www.grandetortue.com\/wp-content\/uploads\/2025\/01\/webpepicerie-camping-1024x666.jpg.webp\" media=\"(max-width: 1024px)\"><source srcset=\"https:\/\/www.grandetortue.com\/wp-content\/uploads\/2025\/01\/webpepicerie-camping.jpg.webp\" media=\"(min-width: 1025px)\"><img decoding=\"async\" src=\"https:\/\/www.grandetortue.com\/wp-content\/uploads\/2025\/01\/webpepicerie-camping-420x420.jpg.webp\" width=\"420\" height=\"210\" loading=\"lazy\" alt=\"\" title=\"\"><\/picture><figcaption>Lebensmittelgesch\u00e4ft<\/figcaption><\/figure><\/div><div class=\"columns sec-10 reverse-mob\"><div class=\"columns__item fade-left\"><div class=\"gallery f-carousel fc-diapo-mob\" data-fancybox=\"gallery-mob\"><figure class=\"gallery__item\"><picture><source srcset=\"https:\/\/www.grandetortue.com\/wp-content\/uploads\/2025\/01\/AdobeStock_1009233136-420x420.jpeg.webp\" media=\"(max-width: 210px)\"><source srcset=\"https:\/\/www.grandetortue.com\/wp-content\/uploads\/2025\/01\/AdobeStock_1009233136-850x476.jpeg.webp\" media=\"(max-width: 420px)\"><source srcset=\"https:\/\/www.grandetortue.com\/wp-content\/uploads\/2025\/01\/AdobeStock_1009233136-768x430.jpeg.webp\" media=\"(max-width: 850px)\"><source srcset=\"https:\/\/www.grandetortue.com\/wp-content\/uploads\/2025\/01\/AdobeStock_1009233136-1024x574.jpeg.webp\" media=\"(max-width: 1024px)\"><source srcset=\"https:\/\/www.grandetortue.com\/wp-content\/uploads\/2025\/01\/AdobeStock_1009233136.jpeg.webp\" media=\"(min-width: 1025px)\"><img decoding=\"async\" src=\"https:\/\/www.grandetortue.com\/wp-content\/uploads\/2025\/01\/AdobeStock_1009233136-420x420.jpeg.webp\" width=\"420\" height=\"210\" alt=\"Relaxing in Nature with Friends\" loading=\"lazy\" title=\"\"><\/picture><figcaption>PMR-Zugang<\/figcaption><\/figure><figure class=\"gallery__item\"><picture><source srcset=\"https:\/\/www.grandetortue.com\/wp-content\/uploads\/2025\/01\/AdobeStock_1024997384-420x420.jpeg.webp\" media=\"(max-width: 210px)\"><source srcset=\"https:\/\/www.grandetortue.com\/wp-content\/uploads\/2025\/01\/AdobeStock_1024997384-850x476.jpeg.webp\" media=\"(max-width: 420px)\"><source srcset=\"https:\/\/www.grandetortue.com\/wp-content\/uploads\/2025\/01\/AdobeStock_1024997384-768x430.jpeg.webp\" media=\"(max-width: 850px)\"><source srcset=\"https:\/\/www.grandetortue.com\/wp-content\/uploads\/2025\/01\/AdobeStock_1024997384-1024x574.jpeg.webp\" media=\"(max-width: 1024px)\"><source srcset=\"https:\/\/www.grandetortue.com\/wp-content\/uploads\/2025\/01\/AdobeStock_1024997384.jpeg.webp\" media=\"(min-width: 1025px)\"><img decoding=\"async\" src=\"https:\/\/www.grandetortue.com\/wp-content\/uploads\/2025\/01\/AdobeStock_1024997384-420x420.jpeg.webp\" width=\"420\" height=\"210\" alt=\"Family from India Cycle through national parks for outdoor adventures. Introducing cultural diversity in family travel\" loading=\"lazy\" title=\"\"><\/picture><figcaption>Fahrradverleih<\/figcaption><\/figure><\/div><\/div><div class=\"columns__item texte\" style=\"align-self:center;\"><h2 class=\"h2 inline\" style=\"color: var(--fuchsia);\">Die Rezeption <span class=\"fc-span\">des Campingplatzes<\/span><\/h2><h2 class=\"p\">Fahrradverleih  <\/h2><p    >Wir vermieten Fahrr\u00e4der (VTC) f\u00fcr einen halben Tag, einen ganzen Tag oder f\u00fcr mehrere aufeinanderfolgende Tage. Als Familie mit kleinen Kindern k\u00f6nnen Sie Sitze oder einen Anh\u00e4nger (f\u00fcr 1 oder 2 Kinder bis zu 3 Jahren) mieten. <\/p><h2 class=\"p\">PMR<\/h2><p    >Wir verf\u00fcgen \u00fcber verschiedene Einrichtungen f\u00fcr Personen mit eingeschr\u00e4nkter Mobilit\u00e4t.Unsere Sanit\u00e4ranlagen sind f\u00fcr Behinderte ausgestattet. Wir vermieten ein Mobilheim f\u00fcr Behinderte mit dem Namen HELIOS.<br\/><\/p><div class=\"lireplus fc-desk\"><p    >Lesen Sie mehr<\/p><div class=\"group\"><p    >An der Rezeption finden Sie alle Informationen \u00fcber Aktivit\u00e4ten und Besichtigungen in der Region, Postkarten und Briefmarken sind ebenfalls erh\u00e4ltlich. Wenn Sie Ihre Post geschrieben haben, k\u00f6nnen Sie sie uns anvertrauen und wir werden sie f\u00fcr Sie abschicken. <br\/><br\/>Auf dem gesamten Campingplatz gibt es ein WIFI-Netzwerk. Kaufen Sie Ihren Code an der Rezeption. <br\/>Au\u00dferdem finden Sie hier Informationen \u00fcber verschiedene lokale Veranstaltungen (M\u00e4rkte, Flohm\u00e4rkte usw.).  <br\/><br\/>Haben Sie keine K\u00fchlbox? Brauchen Sie einen K\u00fchlschrank? Wir haben die L\u00f6sung: 8 K\u00fchlboxen, die in einem der Sanit\u00e4rgeb\u00e4ude aufgestellt sind, und ein Dutzend K\u00fchlschr\u00e4nke auf Tischplatten.  <\/p><\/div><\/div><\/div><\/div>","protected":false},"excerpt":{"rendered":"<p>Dienstleistungen des Campingplatzes Blois in der Region Loir-Et-Cher! 5-Sterne-Service w\u00e4hrend des Aufenthalts Einer der Vorteile eines Aufenthalts auf dem Campingplatz La Grande Tortue ist die Vielzahl an Dienstleistungen, die vor Ort angeboten werden. Die Rezeption ist in der Nebensaison von 09.00 bis 12.00 Uhr und von 14.30 bis 19.00 Uhr und in der Hauptsaison von [&hellip;]<\/p>\n","protected":false},"author":1,"featured_media":0,"parent":0,"menu_order":0,"comment_status":"open","ping_status":"open","template":"","meta":{"_acf_changed":false,"footnotes":""},"acf":[],"_links":{"self":[{"href":"https:\/\/www.grandetortue.com\/de\/wp-json\/wp\/v2\/pages\/2181"}],"collection":[{"href":"https:\/\/www.grandetortue.com\/de\/wp-json\/wp\/v2\/pages"}],"about":[{"href":"https:\/\/www.grandetortue.com\/de\/wp-json\/wp\/v2\/types\/page"}],"author":[{"embeddable":true,"href":"https:\/\/www.grandetortue.com\/de\/wp-json\/wp\/v2\/users\/1"}],"replies":[{"embeddable":true,"href":"https:\/\/www.grandetortue.com\/de\/wp-json\/wp\/v2\/comments?post=2181"}],"version-history":[{"count":4,"href":"https:\/\/www.grandetortue.com\/de\/wp-json\/wp\/v2\/pages\/2181\/revisions"}],"predecessor-version":[{"id":2865,"href":"https:\/\/www.grandetortue.com\/de\/wp-json\/wp\/v2\/pages\/2181\/revisions\/2865"}],"wp:attachment":[{"href":"https:\/\/www.grandetortue.com\/de\/wp-json\/wp\/v2\/media?parent=2181"}],"curies":[{"name":"wp","href":"https:\/\/api.w.org\/{rel}","templated":true}]}}