{"id":2176,"date":"2025-01-16T10:11:12","date_gmt":"2025-01-16T09:11:12","guid":{"rendered":"https:\/\/www.grandetortue.com\/emplacements\/"},"modified":"2025-02-21T14:56:49","modified_gmt":"2025-02-21T13:56:49","slug":"emplacements","status":"publish","type":"page","link":"https:\/\/www.grandetortue.com\/de\/emplacements\/","title":{"rendered":"Pl\u00e4tze"},"content":{"rendered":"<div class=\"diaporama-header align-full\"><div class=\"gallery f-carousel fc-diapo\" data-fancybox=\"gallery\"><figure class=\"gallery__item\"><picture><source srcset=\"https:\/\/www.grandetortue.com\/wp-content\/uploads\/2025\/01\/AdobeStock_40543637-420x420.jpeg.webp\" media=\"(max-width: 210px)\"><source srcset=\"https:\/\/www.grandetortue.com\/wp-content\/uploads\/2025\/01\/AdobeStock_40543637-850x410.jpeg.webp\" media=\"(max-width: 420px)\"><source srcset=\"https:\/\/www.grandetortue.com\/wp-content\/uploads\/2025\/01\/AdobeStock_40543637-768x370.jpeg.webp\" media=\"(max-width: 850px)\"><source srcset=\"https:\/\/www.grandetortue.com\/wp-content\/uploads\/2025\/01\/AdobeStock_40543637-1024x494.jpeg.webp\" media=\"(max-width: 1024px)\"><source srcset=\"https:\/\/www.grandetortue.com\/wp-content\/uploads\/2025\/01\/AdobeStock_40543637.jpeg.webp\" media=\"(min-width: 1025px)\"><img loading=\"lazy\" decoding=\"async\" src=\"https:\/\/www.grandetortue.com\/wp-content\/uploads\/2025\/01\/AdobeStock_40543637-420x420.jpeg.webp\" width=\"420\" height=\"210\" alt=\"SONY DSC\" title=\"\"><\/picture><\/figure><\/div><div class=\"diaporama-header__inner\"><h1>Stellpl\u00e4tze auf dem Campingplatz Blois <span class=\"fc-span\">am Ufer der Loire<\/span><\/h1><\/div><\/div>\n\n<div class=\"columns sec-10\"><div class=\"columns__item texte\" style=\"align-self:center;\"><h2 class=\"h2\" style=\"color: var(--fuchsia);\">Au\u00dfergew\u00f6hnliche <span class=\"fc-span\">Umgebung f\u00fcr Ihren Aufenthalt auf einem 5* Campingplatz in Loir-Et-Cher<\/span><\/h2><p   id=\"73\" >Der Campingplatz La Grande Tortue liegt nur wenige Kilometer von Blois entfernt und ist der perfekte Ort f\u00fcr einen Campingurlaub an <a href=\"https:\/\/www.grandetortue.com\/de\/\" data-type=\"page\" data-id=\"73\">der Loire<\/a>.<\/p><p   id=\"438\" >Die Lage ist ideal, um <a href=\"https:\/\/www.grandetortue.com\/de\/alentours-de-blois\/\" data-type=\"page\" data-id=\"438\">die vielen Loire-Schl\u00f6sser in der Umgebung zu<\/a> erkunden.<\/p><div class=\"lireplus fc-desk\"><p    >Lesen Sie mehr<\/p><div class=\"group\"><p    >Der 5-Sterne-Campingplatz La Grande Tortue verf\u00fcgt \u00fcber 178 Stellpl\u00e4tze. Er liegt in Cand\u00e9-sur-Beuvron, nur wenige Kilometer von der Stadt Blois entfernt, in einem alten, hundertj\u00e4hrigen Eichenwald und grenzt an einen 800 ha gro\u00dfen Wald, der zu Spazierg\u00e4ngen einl\u00e4dt.<br>Der Campingplatz La Grande Tortue hat den Vorteil, dass er ein Familiencampingplatz mit einem beheizten und \u00fcberdachten Schwimmbad und ger\u00e4umigen Stellpl\u00e4tzen ist. Er liegt in der N\u00e4he der Loire. Die Stellpl\u00e4tze sind durch Hecken oder B\u00e4ume abgegrenzt.   <\/p><\/div><\/div><\/div><div class=\"columns__item fade-left\"><div class=\"gallery f-carousel fc-diapo-mob\" data-fancybox=\"gallery-mob\"><figure class=\"gallery__item\"><picture><source srcset=\"https:\/\/www.grandetortue.com\/wp-content\/uploads\/2025\/01\/AdobeStock_400576923-420x420.jpeg.webp\" media=\"(max-width: 210px)\"><source srcset=\"https:\/\/www.grandetortue.com\/wp-content\/uploads\/2025\/01\/AdobeStock_400576923-850x566.jpeg.webp\" media=\"(max-width: 420px)\"><source srcset=\"https:\/\/www.grandetortue.com\/wp-content\/uploads\/2025\/01\/AdobeStock_400576923-768x511.jpeg.webp\" media=\"(max-width: 850px)\"><source srcset=\"https:\/\/www.grandetortue.com\/wp-content\/uploads\/2025\/01\/AdobeStock_400576923-1024x682.jpeg.webp\" media=\"(max-width: 1024px)\"><source srcset=\"https:\/\/www.grandetortue.com\/wp-content\/uploads\/2025\/01\/AdobeStock_400576923.jpeg.webp\" media=\"(min-width: 1025px)\"><img decoding=\"async\" src=\"https:\/\/www.grandetortue.com\/wp-content\/uploads\/2025\/01\/AdobeStock_400576923-420x420.jpeg.webp\" width=\"420\" height=\"210\" loading=\"lazy\" alt=\"\" title=\"\"><\/picture><\/figure><figure class=\"gallery__item\"><picture><source srcset=\"https:\/\/www.grandetortue.com\/wp-content\/uploads\/2025\/01\/AdobeStock_604696299-420x420.jpeg.webp\" media=\"(max-width: 210px)\"><source srcset=\"https:\/\/www.grandetortue.com\/wp-content\/uploads\/2025\/01\/AdobeStock_604696299-850x566.jpeg.webp\" media=\"(max-width: 420px)\"><source srcset=\"https:\/\/www.grandetortue.com\/wp-content\/uploads\/2025\/01\/AdobeStock_604696299-768x512.jpeg.webp\" media=\"(max-width: 850px)\"><source srcset=\"https:\/\/www.grandetortue.com\/wp-content\/uploads\/2025\/01\/AdobeStock_604696299-1024x682.jpeg.webp\" media=\"(max-width: 1024px)\"><source srcset=\"https:\/\/www.grandetortue.com\/wp-content\/uploads\/2025\/01\/AdobeStock_604696299.jpeg.webp\" media=\"(min-width: 1025px)\"><img decoding=\"async\" src=\"https:\/\/www.grandetortue.com\/wp-content\/uploads\/2025\/01\/AdobeStock_604696299-420x420.jpeg.webp\" width=\"420\" height=\"210\" loading=\"lazy\" alt=\"\" title=\"\"><\/picture><\/figure><\/div><\/div><\/div>\n\n<div class=\"group\"><h2 style=\"color: var(--fuchsia);\">Preise und Buchung<\/h2>\n<ctv-availability data-product-type=\"pitch\" data-background-color=\"#FFFFFFFF\"><\/ctv-availability>\n<\/div>\n\n<div class=\"group sec-05 align-full has-background\" style=\"background-color:var(--fond);\"><div class=\"group texte mini\"><h2 class=\"inline\" style=\"color: var(--fuchsia);\">Sanit\u00e4re Einrichtungen <span class=\"fc-span\">in Reichweite<\/span><\/h2><p    >Auf unserem 5-Sterne-Campingplatz k\u00f6nnen Sie den Komfort genie\u00dfen, den man von einer Einrichtung dieses Standards erwartet. So finden Sie hochwertige Sanit\u00e4ranlagen in der N\u00e4he Ihres Stellplatzes. Unsere Sanit\u00e4ranlagen werden t\u00e4glich gereinigt und gepflegt, damit Sie sie optimal nutzen k\u00f6nnen.  <\/p><p    >Bitte beachten Sie, dass Sie auf unseren Premium-Stellpl\u00e4tzen individuelle Sanit\u00e4ranlagen (Dusche, WC, Waschbecken, K\u00fchlschr\u00e4nke) nutzen k\u00f6nnen.<\/p><\/div><div class=\"gallery f-carousel fc-diapo-mob\" data-fancybox=\"gallery-mob\"><figure class=\"gallery__item\"><a href=\"https:\/\/www.grandetortue.com\/wp-content\/uploads\/2025\/01\/webpsanitaire_emplacement_premium_2_500x500.webp\"><picture><source srcset=\"https:\/\/www.grandetortue.com\/wp-content\/uploads\/2025\/01\/webpsanitaire_emplacement_premium_2_500x500-420x420.webp\" media=\"(max-width: 210px)\"><source srcset=\"https:\/\/www.grandetortue.com\/wp-content\/uploads\/2025\/01\/webpsanitaire_emplacement_premium_2_500x500-850x850.webp\" media=\"(max-width: 420px)\"><source srcset=\"https:\/\/www.grandetortue.com\/wp-content\/uploads\/2025\/01\/webpsanitaire_emplacement_premium_2_500x500-768x768.webp\" media=\"(max-width: 850px)\"><source srcset=\"https:\/\/www.grandetortue.com\/wp-content\/uploads\/2025\/01\/webpsanitaire_emplacement_premium_2_500x500-1024x1024.webp\" media=\"(max-width: 1024px)\"><source srcset=\"https:\/\/www.grandetortue.com\/wp-content\/uploads\/2025\/01\/webpsanitaire_emplacement_premium_2_500x500.webp\" media=\"(min-width: 1025px)\"><img decoding=\"async\" src=\"https:\/\/www.grandetortue.com\/wp-content\/uploads\/2025\/01\/webpsanitaire_emplacement_premium_2_500x500-420x420.webp\" width=\"420\" height=\"210\" loading=\"lazy\" alt=\"\" title=\"\"><\/picture><figcaption>Waschbecken<\/figcaption><\/a><\/figure><figure class=\"gallery__item\"><a href=\"https:\/\/www.grandetortue.com\/wp-content\/uploads\/2025\/01\/webpsanitaire_emplacement_premium_3_500x500.webp\"><picture><source srcset=\"https:\/\/www.grandetortue.com\/wp-content\/uploads\/2025\/01\/webpsanitaire_emplacement_premium_3_500x500-420x420.webp\" media=\"(max-width: 210px)\"><source srcset=\"https:\/\/www.grandetortue.com\/wp-content\/uploads\/2025\/01\/webpsanitaire_emplacement_premium_3_500x500-850x850.webp\" media=\"(max-width: 420px)\"><source srcset=\"https:\/\/www.grandetortue.com\/wp-content\/uploads\/2025\/01\/webpsanitaire_emplacement_premium_3_500x500-768x768.webp\" media=\"(max-width: 850px)\"><source srcset=\"https:\/\/www.grandetortue.com\/wp-content\/uploads\/2025\/01\/webpsanitaire_emplacement_premium_3_500x500-1024x1024.webp\" media=\"(max-width: 1024px)\"><source srcset=\"https:\/\/www.grandetortue.com\/wp-content\/uploads\/2025\/01\/webpsanitaire_emplacement_premium_3_500x500.webp\" media=\"(min-width: 1025px)\"><img decoding=\"async\" src=\"https:\/\/www.grandetortue.com\/wp-content\/uploads\/2025\/01\/webpsanitaire_emplacement_premium_3_500x500-420x420.webp\" width=\"420\" height=\"210\" loading=\"lazy\" alt=\"\" title=\"\"><\/picture><figcaption>Dusche<\/figcaption><\/a><\/figure><figure class=\"gallery__item\"><a href=\"https:\/\/www.grandetortue.com\/wp-content\/uploads\/2025\/01\/webpsanitaire_emplacement_premium500x500-1.webp\"><picture><source srcset=\"https:\/\/www.grandetortue.com\/wp-content\/uploads\/2025\/01\/webpsanitaire_emplacement_premium500x500-1-420x420.webp\" media=\"(max-width: 210px)\"><source srcset=\"https:\/\/www.grandetortue.com\/wp-content\/uploads\/2025\/01\/webpsanitaire_emplacement_premium500x500-1-850x850.webp\" media=\"(max-width: 420px)\"><source srcset=\"https:\/\/www.grandetortue.com\/wp-content\/uploads\/2025\/01\/webpsanitaire_emplacement_premium500x500-1-768x768.webp\" media=\"(max-width: 850px)\"><source srcset=\"https:\/\/www.grandetortue.com\/wp-content\/uploads\/2025\/01\/webpsanitaire_emplacement_premium500x500-1-1024x1024.webp\" media=\"(max-width: 1024px)\"><source srcset=\"https:\/\/www.grandetortue.com\/wp-content\/uploads\/2025\/01\/webpsanitaire_emplacement_premium500x500-1.webp\" media=\"(min-width: 1025px)\"><img decoding=\"async\" src=\"https:\/\/www.grandetortue.com\/wp-content\/uploads\/2025\/01\/webpsanitaire_emplacement_premium500x500-1-420x420.webp\" width=\"420\" height=\"210\" loading=\"lazy\" alt=\"\" title=\"\"><\/picture><figcaption>Sanit\u00e4re Einrichtungen<\/figcaption><\/a><\/figure><\/div><\/div>\n\n<div class=\"columns sec-10 reverse-mob\"><div class=\"columns__item fade-left\"><div class=\"gallery f-carousel fc-diapo-mob\" data-fancybox=\"gallery-mob\"><figure class=\"gallery__item\"><picture><source srcset=\"https:\/\/www.grandetortue.com\/wp-content\/uploads\/2025\/01\/AdobeStock_76938207-420x420.jpeg.webp\" media=\"(max-width: 210px)\"><source srcset=\"https:\/\/www.grandetortue.com\/wp-content\/uploads\/2025\/01\/AdobeStock_76938207-850x566.jpeg.webp\" media=\"(max-width: 420px)\"><source srcset=\"https:\/\/www.grandetortue.com\/wp-content\/uploads\/2025\/01\/AdobeStock_76938207-768x512.jpeg.webp\" media=\"(max-width: 850px)\"><source srcset=\"https:\/\/www.grandetortue.com\/wp-content\/uploads\/2025\/01\/AdobeStock_76938207-1024x682.jpeg.webp\" media=\"(max-width: 1024px)\"><source srcset=\"https:\/\/www.grandetortue.com\/wp-content\/uploads\/2025\/01\/AdobeStock_76938207.jpeg.webp\" media=\"(min-width: 1025px)\"><img decoding=\"async\" src=\"https:\/\/www.grandetortue.com\/wp-content\/uploads\/2025\/01\/AdobeStock_76938207-420x420.jpeg.webp\" width=\"420\" height=\"210\" alt=\"43\" loading=\"lazy\" title=\"\"><\/picture><\/figure><figure class=\"gallery__item\"><picture><source srcset=\"https:\/\/www.grandetortue.com\/wp-content\/uploads\/2025\/01\/AdobeStock_257443846-420x420.jpeg.webp\" media=\"(max-width: 210px)\"><source srcset=\"https:\/\/www.grandetortue.com\/wp-content\/uploads\/2025\/01\/AdobeStock_257443846-850x575.jpeg.webp\" media=\"(max-width: 420px)\"><source srcset=\"https:\/\/www.grandetortue.com\/wp-content\/uploads\/2025\/01\/AdobeStock_257443846-768x520.jpeg.webp\" media=\"(max-width: 850px)\"><source srcset=\"https:\/\/www.grandetortue.com\/wp-content\/uploads\/2025\/01\/AdobeStock_257443846-1024x693.jpeg.webp\" media=\"(max-width: 1024px)\"><source srcset=\"https:\/\/www.grandetortue.com\/wp-content\/uploads\/2025\/01\/AdobeStock_257443846.jpeg.webp\" media=\"(min-width: 1025px)\"><img decoding=\"async\" src=\"https:\/\/www.grandetortue.com\/wp-content\/uploads\/2025\/01\/AdobeStock_257443846-420x420.jpeg.webp\" width=\"420\" height=\"210\" alt=\"A young family with two toddler children outdoors by the river in summer, playing with paper boats.\" loading=\"lazy\" title=\"\"><\/picture><\/figure><\/div><\/div><div class=\"columns__item texte\" style=\"align-self:center;\"><h2 class=\"h2\" style=\"color: var(--fuchsia);\">Campingplatz an der Loire <span class=\"fc-span\">mit familienfreundlichen Stellpl\u00e4tzen<\/span><\/h2><p    >La Grande Tortue ist ein Familiencampingplatz par excellence, mit viel Besch\u00e4ftigung f\u00fcr die ganze Familie, von den Kleinsten bis zu den Gr\u00f6\u00dften.<\/p><p    >Ob Sie mit dem Zelt oder dem Wohnwagen anreisen, Sie werden komfortable, ger\u00e4umige und schattige Stellpl\u00e4tze von 100 bis 200 m\u00b2 finden!<\/p><div class=\"lireplus fc-desk\"><p    >Lesen Sie mehr<\/p><div class=\"group\"><p   id=\"445\" >Wenn Sie eher daran interessiert sind, eine Woche in <a href=\"https:\/\/www.grandetortue.com\/de\/locations\/\" data-type=\"page\" data-id=\"445\">einem Mobilheim auf einem 5-Sterne-Campingplatz in der N\u00e4he von Blois<\/a> zu verbringen, hat der Campingplatz La Grande Tortue auch zahlreiche <a href=\"https:\/\/www.grandetortue.com\/de\/ungewoehnliche-unterkuenfte\/\" data-type=\"page\" data-id=\"444\">Mietunterk\u00fcnfte, von klassischen bis zu eher untypischen Unterk\u00fcnften<\/a>, um alle Ihre Bed\u00fcrfnisse zu erf\u00fcllen.<br>Unsere Stellpl\u00e4tze k\u00f6nnen sonnig oder schattig sein, z\u00f6gern Sie nicht, uns bei der Buchung Ihre Pr\u00e4ferenz mitzuteilen, wenn Sie eine haben.<\/p><\/div><\/div><\/div><\/div>\n\n<div class=\"columns sec-15 fond fade-up\"><div class=\"columns__item texte\" style=\"align-self:center;\"><h2 style=\"color: var(--fuchsia);\">Zus\u00e4tzliche Ausstattung <span class=\"fc-span\">f\u00fcr optimalen Komfort<\/span><\/h2><p  class=\"inline has-text-align-left\" style=\"text-align: left;color: var(--fuchsia);\"  ><strong>Neu! Wir vermieten Tischk\u00fchlschr\u00e4nke, die Sie direkt zu Ihrem Stellplatz mitnehmen k\u00f6nnen.<\/strong><\/p><p    >Dieser zus\u00e4tzliche Service erm\u00f6glicht es Ihnen, Ihre Speisen und Getr\u00e4nke k\u00fchl zu halten.<\/p><p    >Die Vermietung von K\u00fchlboxen ist optional m\u00f6glich. Haustiere sind unter bestimmten Bedingungen erlaubt (gegen Aufpreis, an der Leine und mit obligatorischem Impfpass). <\/p><\/div><div class=\"columns__item\"><div class=\"cover\"><span><\/span><picture class=\"cover__img\"><source srcset=\"https:\/\/www.grandetortue.com\/wp-content\/uploads\/2025\/01\/AdobeStock_108454678-420x420.jpeg.webp\" media=\"(max-width: 210px)\"><source srcset=\"https:\/\/www.grandetortue.com\/wp-content\/uploads\/2025\/01\/AdobeStock_108454678-850x566.jpeg.webp\" media=\"(max-width: 420px)\"><source srcset=\"https:\/\/www.grandetortue.com\/wp-content\/uploads\/2025\/01\/AdobeStock_108454678-768x512.jpeg.webp\" media=\"(max-width: 850px)\"><source srcset=\"https:\/\/www.grandetortue.com\/wp-content\/uploads\/2025\/01\/AdobeStock_108454678-1024x682.jpeg.webp\" media=\"(max-width: 1024px)\"><source srcset=\"https:\/\/www.grandetortue.com\/wp-content\/uploads\/2025\/01\/AdobeStock_108454678.jpeg.webp\" media=\"(min-width: 1025px)\"><img decoding=\"async\" src=\"https:\/\/www.grandetortue.com\/wp-content\/uploads\/2025\/01\/AdobeStock_108454678-420x420.jpeg.webp\" width=\"420\" height=\"210\" alt=\"Happy family camping and cooking bbq\" loading=\"lazy\" title=\"\"><\/picture><div class=\"cover__inner\"><p  class=\"h4 has-text-align-center\" style=\"text-align: center;\"  >Grill erlaubt <span class=\"fc-span\">, aber nicht vorhanden<\/span><\/p><\/div><\/div><\/div><\/div>\n\n<div class=\"columns gallery f-carousel fc-diapo-mob\"><div class=\"columns__item\"><div class=\"cover\"><span><\/span><picture class=\"cover__img\"><source srcset=\"https:\/\/www.grandetortue.com\/wp-content\/uploads\/2025\/01\/AdobeStock_258377848-420x420.jpeg.webp\" media=\"(max-width: 210px)\"><source srcset=\"https:\/\/www.grandetortue.com\/wp-content\/uploads\/2025\/01\/AdobeStock_258377848-850x566.jpeg.webp\" media=\"(max-width: 420px)\"><source srcset=\"https:\/\/www.grandetortue.com\/wp-content\/uploads\/2025\/01\/AdobeStock_258377848-768x512.jpeg.webp\" media=\"(max-width: 850px)\"><source srcset=\"https:\/\/www.grandetortue.com\/wp-content\/uploads\/2025\/01\/AdobeStock_258377848-1024x682.jpeg.webp\" media=\"(max-width: 1024px)\"><source srcset=\"https:\/\/www.grandetortue.com\/wp-content\/uploads\/2025\/01\/AdobeStock_258377848.jpeg.webp\" media=\"(min-width: 1025px)\"><img decoding=\"async\" src=\"https:\/\/www.grandetortue.com\/wp-content\/uploads\/2025\/01\/AdobeStock_258377848-420x420.jpeg.webp\" width=\"420\" height=\"210\" alt=\"Group of young men and women having fun and playing guitar in nature\" loading=\"lazy\" title=\"\"><\/picture><div class=\"cover__inner\"><p  class=\"h4 has-text-align-center\" style=\"text-align: center;\"  >Vermietung von K\u00fchlboxen und K\u00fchlschr\u00e4nken <span class=\"fc-span\">f\u00fcr die Aufstellung auf dem Stellplatz<\/span><\/p><\/div><\/div><\/div><div class=\"columns__item\"><div class=\"cover\"><span><\/span><picture class=\"cover__img\"><source srcset=\"https:\/\/www.grandetortue.com\/wp-content\/uploads\/2025\/01\/AdobeStock_516423266-420x420.jpeg.webp\" media=\"(max-width: 210px)\"><source srcset=\"https:\/\/www.grandetortue.com\/wp-content\/uploads\/2025\/01\/AdobeStock_516423266-850x567.jpeg.webp\" media=\"(max-width: 420px)\"><source srcset=\"https:\/\/www.grandetortue.com\/wp-content\/uploads\/2025\/01\/AdobeStock_516423266-768x512.jpeg.webp\" media=\"(max-width: 850px)\"><source srcset=\"https:\/\/www.grandetortue.com\/wp-content\/uploads\/2025\/01\/AdobeStock_516423266-1024x683.jpeg.webp\" media=\"(max-width: 1024px)\"><source srcset=\"https:\/\/www.grandetortue.com\/wp-content\/uploads\/2025\/01\/AdobeStock_516423266.jpeg.webp\" media=\"(min-width: 1025px)\"><img decoding=\"async\" src=\"https:\/\/www.grandetortue.com\/wp-content\/uploads\/2025\/01\/AdobeStock_516423266-420x420.jpeg.webp\" width=\"420\" height=\"210\" alt=\"Young caucasian couple with little girl and dog have fun spending leisure time together while travel with tent in the mountains. Happy family summer vacation at campsite\" loading=\"lazy\" title=\"\"><\/picture><div class=\"cover__inner\"><p  class=\"h4 has-text-align-center\" style=\"text-align: center;\"  >Hund erlaubt  <span class=\"fc-span\">au\u00dfer Kat. 1 und 2 <\/span><\/p><\/div><\/div><\/div><\/div>\n\n\n<div style=\"height:100px\" aria-hidden=\"true\" class=\"wp-block-spacer\"><\/div>\n","protected":false},"excerpt":{"rendered":"<p>Stellpl\u00e4tze auf dem Campingplatz Blois am Ufer der Loire Au\u00dfergew\u00f6hnliche Umgebung f\u00fcr Ihren Aufenthalt auf einem 5* Campingplatz in Loir-Et-Cher Der Campingplatz La Grande Tortue liegt nur wenige Kilometer von Blois entfernt und ist der perfekte Ort f\u00fcr einen Campingurlaub an der Loire. Die Lage ist ideal, um die vielen Loire-Schl\u00f6sser in der Umgebung zu [&hellip;]<\/p>\n","protected":false},"author":1,"featured_media":0,"parent":0,"menu_order":0,"comment_status":"open","ping_status":"open","template":"","meta":{"_acf_changed":false,"footnotes":""},"acf":[],"_links":{"self":[{"href":"https:\/\/www.grandetortue.com\/de\/wp-json\/wp\/v2\/pages\/2176"}],"collection":[{"href":"https:\/\/www.grandetortue.com\/de\/wp-json\/wp\/v2\/pages"}],"about":[{"href":"https:\/\/www.grandetortue.com\/de\/wp-json\/wp\/v2\/types\/page"}],"author":[{"embeddable":true,"href":"https:\/\/www.grandetortue.com\/de\/wp-json\/wp\/v2\/users\/1"}],"replies":[{"embeddable":true,"href":"https:\/\/www.grandetortue.com\/de\/wp-json\/wp\/v2\/comments?post=2176"}],"version-history":[{"count":8,"href":"https:\/\/www.grandetortue.com\/de\/wp-json\/wp\/v2\/pages\/2176\/revisions"}],"predecessor-version":[{"id":2878,"href":"https:\/\/www.grandetortue.com\/de\/wp-json\/wp\/v2\/pages\/2176\/revisions\/2878"}],"wp:attachment":[{"href":"https:\/\/www.grandetortue.com\/de\/wp-json\/wp\/v2\/media?parent=2176"}],"curies":[{"name":"wp","href":"https:\/\/api.w.org\/{rel}","templated":true}]}}