{"id":2175,"date":"2025-01-16T10:11:12","date_gmt":"2025-01-16T09:11:12","guid":{"rendered":"https:\/\/www.grandetortue.com\/ecolabel\/"},"modified":"2025-05-31T17:33:18","modified_gmt":"2025-05-31T15:33:18","slug":"ecolabel","status":"publish","type":"page","link":"https:\/\/www.grandetortue.com\/de\/ecolabel\/","title":{"rendered":"Unsere Umweltpolitik"},"content":{"rendered":"<div class=\"diaporama-header align-full\"><div class=\"gallery f-carousel fc-diapo\" data-fancybox=\"gallery\"><figure class=\"gallery__item\"><picture><source srcset=\"https:\/\/www.grandetortue.com\/wp-content\/uploads\/2025\/01\/webpAdobeStock_479399002_Editorial_Use_Only-420x420.webp\" media=\"(max-width: 210px)\"><source srcset=\"https:\/\/www.grandetortue.com\/wp-content\/uploads\/2025\/01\/webpAdobeStock_479399002_Editorial_Use_Only-850x489.webp\" media=\"(max-width: 420px)\"><source srcset=\"https:\/\/www.grandetortue.com\/wp-content\/uploads\/2025\/01\/webpAdobeStock_479399002_Editorial_Use_Only-768x442.webp\" media=\"(max-width: 850px)\"><source srcset=\"https:\/\/www.grandetortue.com\/wp-content\/uploads\/2025\/01\/webpAdobeStock_479399002_Editorial_Use_Only-1024x590.webp\" media=\"(max-width: 1024px)\"><source srcset=\"https:\/\/www.grandetortue.com\/wp-content\/uploads\/2025\/01\/webpAdobeStock_479399002_Editorial_Use_Only.webp\" media=\"(min-width: 1025px)\"><img loading=\"lazy\" decoding=\"async\" src=\"https:\/\/www.grandetortue.com\/wp-content\/uploads\/2025\/01\/webpAdobeStock_479399002_Editorial_Use_Only-420x420.webp\" width=\"420\" height=\"210\" alt=\"\" title=\"\"><\/picture><\/figure><\/div><div class=\"diaporama-header__inner\"><h1>Unsere Umweltpolitik<\/h1><\/div><\/div>\n<div style=\"height:1rem\" aria-hidden=\"true\" class=\"wp-block-spacer\"><\/div>\n<div class=\"group texte mini\"><div class=\"columns\"><div class=\"columns__item\"><h2 class=\"inline\" style=\"color: var(--fuchsia);\">Die 6 Schwerpunkte des Engagements <span class=\"fc-span\">von Camping Qualit\u00e9<\/span><\/h2><p    >Der Campingplatz La Grande Tortue hat sich seit 2005 f\u00fcr den Umweltschutz eingesetzt. Wenn Sie sich f\u00fcr einen Urlaub auf einem Campingplatz mit dem Qualit\u00e4tssiegel Camping Qualit\u00e9 entscheiden, k\u00f6nnen Sie sicher sein, dass Sie einen sch\u00f6nen Urlaub verbringen werden.<br\/>Um das Qualit\u00e4tssiegel zu erhalten, wird der Campingplatz anhand einer Reihe von Kriterien gepr\u00fcft. Wenn er eine ausreichende Bewertung erh\u00e4lt, wird er in das Netzwerk &#8222;Camping Qualit\u00e9&#8220; aufgenommen. Um sicherzustellen, dass der Campingplatz auch weiterhin unsere Charta einh\u00e4lt, wird er regelm\u00e4\u00dfig kontrolliert. So k\u00f6nnen wir sicherstellen, dass die angebotenen Leistungen und Services von hoher Qualit\u00e4t sind.   <\/p><\/div><div class=\"columns__item has-flex-basis\" style=\"align-self:center;flex-basis:18%;\"><figure><picture><source srcset=\"https:\/\/www.grandetortue.com\/wp-content\/uploads\/2025\/01\/CQ_LOGO-FOND-BLANC_SMALL-e1737119060238.webp\" media=\"(max-width: 210px)\"><source srcset=\"https:\/\/www.grandetortue.com\/wp-content\/uploads\/2025\/01\/CQ_LOGO-FOND-BLANC_SMALL-e1737119060238.webp\" media=\"(max-width: 420px)\"><source srcset=\"https:\/\/www.grandetortue.com\/wp-content\/uploads\/2025\/01\/CQ_LOGO-FOND-BLANC_SMALL-e1737119060238.webp\" media=\"(max-width: 850px)\"><source srcset=\"https:\/\/www.grandetortue.com\/wp-content\/uploads\/2025\/01\/CQ_LOGO-FOND-BLANC_SMALL-e1737119060238.webp\" media=\"(max-width: 1024px)\"><source srcset=\"https:\/\/www.grandetortue.com\/wp-content\/uploads\/2025\/01\/CQ_LOGO-FOND-BLANC_SMALL-e1737119060238.webp\" media=\"(min-width: 1025px)\"><img decoding=\"async\" src=\"https:\/\/www.grandetortue.com\/wp-content\/uploads\/2025\/01\/CQ_LOGO-FOND-BLANC_SMALL-e1737119060238.webp\" width=\"420\" height=\"210\" loading=\"lazy\" alt=\"\" title=\"\"><\/picture><\/figure><\/div><\/div><p    >Die Manager verpflichten sich, Ihnen zu bieten:<\/p><h2 class=\"h4\" style=\"color: var(--fuchsia);\">Herzlicher Empfang<\/h2><p    >Gastfreundschaft, Verf\u00fcgbarkeit, R\u00fccksichtnahme und Effizienz werden von dem Verwalter und seinem gesamten Team besonders gepflegt. Sie tragen zu einem ruhigen, angenehmen und freundlichen Aufenthalt bei. <\/p><h2 class=\"h4\" style=\"color: var(--fuchsia);\">Die makellose Sauberkeit<\/h2><p    >W\u00e4hrend der gesamten \u00d6ffnungszeiten wird \u00fcberall auf dem Campingplatz f\u00fcr Sauberkeit und Hygiene gesorgt. Vom Empfang \u00fcber die Sanit\u00e4ranlagen bis hin zum Schwimmbad und den Wegen des Campingplatzes ist alles tadellos. <\/p><h2 class=\"h4\" style=\"color: var(--fuchsia);\">Genaue und wahre Informationen<\/h2><p    >Der Campingplatzbetreiber stellt vollst\u00e4ndige, klare und genaue Informationen \u00fcber seinen Betrieb zur Verf\u00fcgung: genaue Beschreibung der Einrichtungen, \u00d6ffnungszeiten der Rezeption, der verschiedenen Dienstleistungen, der Aktivit\u00e4ten und der \u00d6ffnungszeiten. Die Preise sind klar angegeben und werden strikt angewendet. <\/p><h2 class=\"h4\" style=\"color: var(--fuchsia);\">Gepflegte private Lage<\/h2><p    >Der Campingplatzbetreiber ergreift die notwendigen Ma\u00dfnahmen, um einen privaten Stellplatz anzubieten und die gr\u00f6\u00dftm\u00f6gliche Ruhe auf dem Gel\u00e4nde zu gew\u00e4hrleisten. Der Platz ist geschmackvoll und \u00e4sthetisch gestaltet, um sich gut in den Ort und die Umgebung einzuf\u00fcgen. <\/p><h2 class=\"h4\" style=\"color: var(--fuchsia);\">Die Umwelt wird aufgewertet und respektiert<\/h2><p    >Der Campingplatzbetreiber verpflichtet sich, die Natur und die Umwelt zu erhalten und seinen Campingplatz mit Respekt, Schutz und der Suche nach geeigneten Umweltl\u00f6sungen einzurichten. Auf diese Weise tr\u00e4gt er zum Erhalt einer zunehmend bedrohten Umwelt bei. <\/p><h2 class=\"h4\" style=\"color: var(--fuchsia);\">Eine starke \u00f6kologische Verantwortung<\/h2><p    >Der Campingplatzbetreiber verwaltet seinen Betrieb auf nachhaltige und umweltbewusste Weise. \u00d6kologische und umweltfreundliche L\u00f6sungen werden f\u00fcr den Campingplatz verwendet: Abfallmanagement, Energienutzung, Wassermanagement und intern: Kommunikation, Einbindung in das lokale Leben&#8230; <\/p><p    ><strong>UMWELTPOLITIK<\/strong><\/p><p    >Der Campingplatz La Grande Tortue hat sich seit 2005 f\u00fcr den Umweltschutz eingesetzt.<\/p><p    >Die Umweltpolitik der Einrichtung besteht aus drei Bereichen<\/p><ul><li>Reduzierung des Volumens und der Auswirkungen von Abfall\n<\/li><li>Reduzierung des Energieverbrauchs\n<\/li><li>Einf\u00fchrung einer Politik der verantwortungsbewussten Beschaffung.\n<\/li><\/ul><p    >Um diese Politik zu verwirklichen, sind die Strategien vor allem auf Folgendes ausgerichtet<\/p><ul><li>Ausbildung, Sensibilisierung von Personal und Kunden\n<\/li><li>die Bereitstellung der materiellen und personellen Mittel, um die Umsetzung zu erm\u00f6glichen\n<\/li><\/ul><p    >Die Umsetzung dieser Politik liegt in der Verantwortung des Managements, das sich f\u00fcr eine dynamische Entwicklung des gesamten Unternehmens einsetzt. Das Ziel ist es, zu den Besten in der Branche des Freilufttourismus zu geh\u00f6ren. <\/p><p    >Ab dem Jahr 2021 haben wir uns u.a. dazu verpflichtet, den Wasserdurchfluss des Au\u00dfenwasseranschlusses zu reduzieren und die neuen Mobilheime mit dem GTC ready-System auszustatten, das den Stromverbrauch selbst\u00e4ndig steuert (Abschaltung der Heizung bei ge\u00f6ffneten Fenstern oder T\u00fcren). Wir haben 2 Sanit\u00e4ranlagen unter Einhaltung der Energieeinsparungsvorgaben rekonstruiert (Beleuchtung mit Bewegungsmelder, Durchflussmengenreduzierung f\u00fcr Wasserh\u00e4hne 6L\/min).<\/p><p    >Wir halten weiterhin an unseren bereits bestehenden Verpflichtungen fest und kommunizieren gegen\u00fcber Kunden, Mitarbeitern und anderen Partnern.<\/p><p    >Wenn wir Sie auf unserem Campingplatz begr\u00fc\u00dfen, hoffen wir, dass Sie unsere Umweltpolitik befolgen.<\/p><div class=\"columns signature\"><div class=\"columns__item\" style=\"align-self:center;\"><p  class=\"has-text-align-right\" style=\"text-align: right;\"  >6. April 2024<\/p><\/div><div class=\"columns__item has-flex-basis\" style=\"flex-basis:25%;\"><figure><picture><source srcset=\"https:\/\/www.grandetortue.com\/wp-content\/uploads\/2025\/01\/signature-gde-tortue.jpg.webp\" media=\"(max-width: 210px)\"><source srcset=\"https:\/\/www.grandetortue.com\/wp-content\/uploads\/2025\/01\/signature-gde-tortue.jpg.webp\" media=\"(max-width: 420px)\"><source srcset=\"https:\/\/www.grandetortue.com\/wp-content\/uploads\/2025\/01\/signature-gde-tortue.jpg.webp\" media=\"(max-width: 850px)\"><source srcset=\"https:\/\/www.grandetortue.com\/wp-content\/uploads\/2025\/01\/signature-gde-tortue.jpg.webp\" media=\"(max-width: 1024px)\"><source srcset=\"https:\/\/www.grandetortue.com\/wp-content\/uploads\/2025\/01\/signature-gde-tortue.jpg.webp\" media=\"(min-width: 1025px)\"><img decoding=\"async\" src=\"https:\/\/www.grandetortue.com\/wp-content\/uploads\/2025\/01\/signature-gde-tortue.jpg.webp\" width=\"420\" height=\"210\" loading=\"lazy\" alt=\"\" title=\"\"><\/picture><\/figure><\/div><\/div><\/div>","protected":false},"excerpt":{"rendered":"<p>Unsere Umweltpolitik Die 6 Schwerpunkte des Engagements von Camping Qualit\u00e9 Der Campingplatz La Grande Tortue hat sich seit 2005 f\u00fcr den Umweltschutz eingesetzt. Wenn Sie sich f\u00fcr einen Urlaub auf einem Campingplatz mit dem Qualit\u00e4tssiegel Camping Qualit\u00e9 entscheiden, k\u00f6nnen Sie sicher sein, dass Sie einen sch\u00f6nen Urlaub verbringen werden.Um das Qualit\u00e4tssiegel zu erhalten, wird der [&hellip;]<\/p>\n","protected":false},"author":1,"featured_media":0,"parent":0,"menu_order":0,"comment_status":"closed","ping_status":"closed","template":"","meta":{"_acf_changed":false,"footnotes":""},"acf":[],"_links":{"self":[{"href":"https:\/\/www.grandetortue.com\/de\/wp-json\/wp\/v2\/pages\/2175"}],"collection":[{"href":"https:\/\/www.grandetortue.com\/de\/wp-json\/wp\/v2\/pages"}],"about":[{"href":"https:\/\/www.grandetortue.com\/de\/wp-json\/wp\/v2\/types\/page"}],"author":[{"embeddable":true,"href":"https:\/\/www.grandetortue.com\/de\/wp-json\/wp\/v2\/users\/1"}],"replies":[{"embeddable":true,"href":"https:\/\/www.grandetortue.com\/de\/wp-json\/wp\/v2\/comments?post=2175"}],"version-history":[{"count":3,"href":"https:\/\/www.grandetortue.com\/de\/wp-json\/wp\/v2\/pages\/2175\/revisions"}],"predecessor-version":[{"id":2825,"href":"https:\/\/www.grandetortue.com\/de\/wp-json\/wp\/v2\/pages\/2175\/revisions\/2825"}],"wp:attachment":[{"href":"https:\/\/www.grandetortue.com\/de\/wp-json\/wp\/v2\/media?parent=2175"}],"curies":[{"name":"wp","href":"https:\/\/api.w.org\/{rel}","templated":true}]}}